{"id":33995,"date":"2024-05-23T10:33:01","date_gmt":"2024-05-23T08:33:01","guid":{"rendered":"https:\/\/mcshirt.texner.ch\/?post_type=product&#038;p=33995"},"modified":"2026-01-26T14:31:10","modified_gmt":"2026-01-26T13:31:10","slug":"mens-hydraplus-2000-jacket","status":"publish","type":"product","link":"https:\/\/www.mcshirt.ch\/de\/produit\/mens-hydraplus-2000-jacket\/","title":{"rendered":"Regenjacke"},"content":{"rendered":"<p>&nbsp;<\/p>\n<p><img fetchpriority=\"high\" decoding=\"async\" class=\"alignnone wp-image-35641\" src=\"https:\/\/www.mcshirt.ch\/wp-content\/uploads\/2024\/05\/ParkaHydraplus2000-41000.png\" alt=\"\" width=\"662\" height=\"301\" srcset=\"https:\/\/www.mcshirt.ch\/wp-content\/uploads\/2024\/05\/ParkaHydraplus2000-41000.png 493w, https:\/\/www.mcshirt.ch\/wp-content\/uploads\/2024\/05\/ParkaHydraplus2000-41000-300x136.png 300w, https:\/\/www.mcshirt.ch\/wp-content\/uploads\/2024\/05\/ParkaHydraplus2000-41000-18x8.png 18w\" sizes=\"(max-width: 662px) 100vw, 662px\" \/><\/p>","protected":false},"excerpt":{"rendered":"<table class=\"attributes table table-striped table-hover\">\n<tbody>\n<tr>\n<th>Zertifikat<\/th>\n<td>Fair Working Conditions<br \/>\nOeko-Tex 100<\/td>\n<\/tr>\n<tr>\n<th>Grammatur<\/th>\n<td>190 g\/m\u00b2<\/td>\n<\/tr>\n<tr>\n<th>Zusammensetzung<\/th>\n<td>100% nylon<\/td>\n<\/tr>\n<\/tbody>\n<\/table>","protected":false},"featured_media":39898,"template":"","meta":[],"product_brand":[328],"product_cat":[209,438,224],"product_tag":[],"class_list":{"0":"post-33995","1":"product","2":"type-product","3":"status-publish","4":"has-post-thumbnail","6":"product_brand-russell","7":"product_cat-homme","8":"product_cat-veste-homme","9":"product_cat-textile","11":"first","12":"instock","13":"taxable","14":"shipping-taxable","15":"purchasable","16":"product-type-variable","17":"has-default-attributes","18":"product-type-zakeke","19":"product-type-external"},"yoast_head":"<!-- This site is optimized with the Yoast SEO plugin v26.9 - https:\/\/yoast.com\/product\/yoast-seo-wordpress\/ -->\n<title>Hydraplus 2000 Jacket | Personnalisable | Mc SHIRT | Livraison rapide<\/title>\n<meta name=\"description\" content=\"D\u00e9couvrez nos Hydraplus 2000 Jacket pour hommes, personnalisables selon vos pr\u00e9f\u00e9rences, avec Mc SHIRT. Profitez de notre livraison rapide pour recevoir votre Jacket personnalis\u00e9 dans les plus brefs d\u00e9lais. Exprimez votre style unique avec Mc SHIRT d\u00e8s aujourd&#039;hui !\" \/>\n<meta name=\"robots\" content=\"index, follow, max-snippet:-1, max-image-preview:large, max-video-preview:-1\" \/>\n<link rel=\"canonical\" href=\"https:\/\/www.mcshirt.ch\/de\/produkt\/mens-hydraplus-2000-jacket\/\" \/>\n<meta property=\"og:locale\" content=\"de_DE\" \/>\n<meta property=\"og:type\" content=\"article\" \/>\n<meta property=\"og:title\" content=\"Hydraplus 2000 Jacket | Personnalisable | Mc SHIRT | Livraison rapide\" \/>\n<meta property=\"og:description\" content=\"D\u00e9couvrez nos Hydraplus 2000 Jacket pour hommes, personnalisables selon vos pr\u00e9f\u00e9rences, avec Mc SHIRT. Profitez de notre livraison rapide pour recevoir votre Jacket personnalis\u00e9 dans les plus brefs d\u00e9lais. Exprimez votre style unique avec Mc SHIRT d\u00e8s aujourd&#039;hui !\" \/>\n<meta property=\"og:url\" content=\"https:\/\/www.mcshirt.ch\/de\/produkt\/mens-hydraplus-2000-jacket\/\" \/>\n<meta property=\"og:site_name\" content=\"Mc Shirt\" \/>\n<meta property=\"article:modified_time\" content=\"2026-01-26T13:31:10+00:00\" \/>\n<meta property=\"og:image\" content=\"https:\/\/www.mcshirt.ch\/wp-content\/uploads\/2024\/05\/HYDRA.jpg.webp\" \/>\n\t<meta property=\"og:image:width\" content=\"598\" \/>\n\t<meta property=\"og:image:height\" content=\"600\" \/>\n\t<meta property=\"og:image:type\" content=\"image\/webp\" \/>\n<meta name=\"twitter:card\" content=\"summary_large_image\" \/>\n<meta name=\"twitter:label1\" content=\"Gesch\u00e4tzte Lesezeit\" \/>\n\t<meta name=\"twitter:data1\" content=\"1\u00a0Minute\" \/>\n<script type=\"application\/ld+json\" class=\"yoast-schema-graph\">{\"@context\":\"https:\/\/schema.org\",\"@graph\":[{\"@type\":\"WebPage\",\"@id\":\"https:\/\/www.mcshirt.ch\/produit\/mens-hydraplus-2000-jacket\/\",\"url\":\"https:\/\/www.mcshirt.ch\/produit\/mens-hydraplus-2000-jacket\/\",\"name\":\"Hydraplus 2000 Jacket | Personnalisable | Mc SHIRT | Livraison rapide\",\"isPartOf\":{\"@id\":\"https:\/\/www.mcshirt.ch\/#website\"},\"primaryImageOfPage\":{\"@id\":\"https:\/\/www.mcshirt.ch\/produit\/mens-hydraplus-2000-jacket\/#primaryimage\"},\"image\":{\"@id\":\"https:\/\/www.mcshirt.ch\/produit\/mens-hydraplus-2000-jacket\/#primaryimage\"},\"thumbnailUrl\":\"https:\/\/www.mcshirt.ch\/wp-content\/uploads\/2024\/05\/HYDRA.jpg.webp\",\"datePublished\":\"2024-05-23T08:33:01+00:00\",\"dateModified\":\"2026-01-26T13:31:10+00:00\",\"description\":\"D\u00e9couvrez nos Hydraplus 2000 Jacket pour hommes, personnalisables selon vos pr\u00e9f\u00e9rences, avec Mc SHIRT. Profitez de notre livraison rapide pour recevoir votre Jacket personnalis\u00e9 dans les plus brefs d\u00e9lais. Exprimez votre style unique avec Mc SHIRT d\u00e8s aujourd'hui !\",\"breadcrumb\":{\"@id\":\"https:\/\/www.mcshirt.ch\/produit\/mens-hydraplus-2000-jacket\/#breadcrumb\"},\"inLanguage\":\"de-CH\",\"potentialAction\":[{\"@type\":\"ReadAction\",\"target\":[\"https:\/\/www.mcshirt.ch\/produit\/mens-hydraplus-2000-jacket\/\"]}]},{\"@type\":\"ImageObject\",\"inLanguage\":\"de-CH\",\"@id\":\"https:\/\/www.mcshirt.ch\/produit\/mens-hydraplus-2000-jacket\/#primaryimage\",\"url\":\"https:\/\/www.mcshirt.ch\/wp-content\/uploads\/2024\/05\/HYDRA.jpg.webp\",\"contentUrl\":\"https:\/\/www.mcshirt.ch\/wp-content\/uploads\/2024\/05\/HYDRA.jpg.webp\",\"width\":598,\"height\":600},{\"@type\":\"BreadcrumbList\",\"@id\":\"https:\/\/www.mcshirt.ch\/produit\/mens-hydraplus-2000-jacket\/#breadcrumb\",\"itemListElement\":[{\"@type\":\"ListItem\",\"position\":1,\"name\":\"Home\",\"item\":\"https:\/\/www.mcshirt.ch\/\"},{\"@type\":\"ListItem\",\"position\":2,\"name\":\"Produits\",\"item\":\"https:\/\/www.mcshirt.ch\/shop\/\"},{\"@type\":\"ListItem\",\"position\":3,\"name\":\"Parka Hydraplus 2000 Homme\"}]},{\"@type\":\"WebSite\",\"@id\":\"https:\/\/www.mcshirt.ch\/#website\",\"url\":\"https:\/\/www.mcshirt.ch\/\",\"name\":\"Mc Shirt\",\"description\":\"LE SP\u00c9CIALISTE DE LA BRODERIE ET DE L&#039;IMPRESSION DEPUIS 1981\",\"publisher\":{\"@id\":\"https:\/\/www.mcshirt.ch\/#organization\"},\"potentialAction\":[{\"@type\":\"SearchAction\",\"target\":{\"@type\":\"EntryPoint\",\"urlTemplate\":\"https:\/\/www.mcshirt.ch\/?s={search_term_string}\"},\"query-input\":{\"@type\":\"PropertyValueSpecification\",\"valueRequired\":true,\"valueName\":\"search_term_string\"}}],\"inLanguage\":\"de-CH\"},{\"@type\":\"Organization\",\"@id\":\"https:\/\/www.mcshirt.ch\/#organization\",\"name\":\"Mc Shirt\",\"url\":\"https:\/\/www.mcshirt.ch\/\",\"logo\":{\"@type\":\"ImageObject\",\"inLanguage\":\"de-CH\",\"@id\":\"https:\/\/www.mcshirt.ch\/#\/schema\/logo\/image\/\",\"url\":\"https:\/\/www.mcshirt.ch\/wp-content\/uploads\/2023\/11\/655495b7bcbf0.gif\",\"contentUrl\":\"https:\/\/www.mcshirt.ch\/wp-content\/uploads\/2023\/11\/655495b7bcbf0.gif\",\"width\":350,\"height\":100,\"caption\":\"Mc Shirt\"},\"image\":{\"@id\":\"https:\/\/www.mcshirt.ch\/#\/schema\/logo\/image\/\"}}]}<\/script>\n<!-- \/ Yoast SEO plugin. -->","yoast_head_json":{"title":"Hydraplus 2000 Jacket | Personnalisable | Mc SHIRT | Livraison rapide","description":"D\u00e9couvrez nos Hydraplus 2000 Jacket pour hommes, personnalisables selon vos pr\u00e9f\u00e9rences, avec Mc SHIRT. Profitez de notre livraison rapide pour recevoir votre Jacket personnalis\u00e9 dans les plus brefs d\u00e9lais. Exprimez votre style unique avec Mc SHIRT d\u00e8s aujourd'hui !","robots":{"index":"index","follow":"follow","max-snippet":"max-snippet:-1","max-image-preview":"max-image-preview:large","max-video-preview":"max-video-preview:-1"},"canonical":"https:\/\/www.mcshirt.ch\/de\/produkt\/mens-hydraplus-2000-jacket\/","og_locale":"de_DE","og_type":"article","og_title":"Hydraplus 2000 Jacket | Personnalisable | Mc SHIRT | Livraison rapide","og_description":"D\u00e9couvrez nos Hydraplus 2000 Jacket pour hommes, personnalisables selon vos pr\u00e9f\u00e9rences, avec Mc SHIRT. Profitez de notre livraison rapide pour recevoir votre Jacket personnalis\u00e9 dans les plus brefs d\u00e9lais. Exprimez votre style unique avec Mc SHIRT d\u00e8s aujourd'hui !","og_url":"https:\/\/www.mcshirt.ch\/de\/produkt\/mens-hydraplus-2000-jacket\/","og_site_name":"Mc Shirt","article_modified_time":"2026-01-26T13:31:10+00:00","og_image":[{"width":598,"height":600,"url":"https:\/\/www.mcshirt.ch\/wp-content\/uploads\/2024\/05\/HYDRA.jpg.webp","type":"image\/webp"}],"twitter_card":"summary_large_image","twitter_misc":{"Gesch\u00e4tzte Lesezeit":"1\u00a0Minute"},"schema":{"@context":"https:\/\/schema.org","@graph":[{"@type":"WebPage","@id":"https:\/\/www.mcshirt.ch\/produit\/mens-hydraplus-2000-jacket\/","url":"https:\/\/www.mcshirt.ch\/produit\/mens-hydraplus-2000-jacket\/","name":"Hydraplus 2000 Jacket | Personnalisable | Mc SHIRT | Livraison rapide","isPartOf":{"@id":"https:\/\/www.mcshirt.ch\/#website"},"primaryImageOfPage":{"@id":"https:\/\/www.mcshirt.ch\/produit\/mens-hydraplus-2000-jacket\/#primaryimage"},"image":{"@id":"https:\/\/www.mcshirt.ch\/produit\/mens-hydraplus-2000-jacket\/#primaryimage"},"thumbnailUrl":"https:\/\/www.mcshirt.ch\/wp-content\/uploads\/2024\/05\/HYDRA.jpg.webp","datePublished":"2024-05-23T08:33:01+00:00","dateModified":"2026-01-26T13:31:10+00:00","description":"D\u00e9couvrez nos Hydraplus 2000 Jacket pour hommes, personnalisables selon vos pr\u00e9f\u00e9rences, avec Mc SHIRT. Profitez de notre livraison rapide pour recevoir votre Jacket personnalis\u00e9 dans les plus brefs d\u00e9lais. Exprimez votre style unique avec Mc SHIRT d\u00e8s aujourd'hui !","breadcrumb":{"@id":"https:\/\/www.mcshirt.ch\/produit\/mens-hydraplus-2000-jacket\/#breadcrumb"},"inLanguage":"de-CH","potentialAction":[{"@type":"ReadAction","target":["https:\/\/www.mcshirt.ch\/produit\/mens-hydraplus-2000-jacket\/"]}]},{"@type":"ImageObject","inLanguage":"de-CH","@id":"https:\/\/www.mcshirt.ch\/produit\/mens-hydraplus-2000-jacket\/#primaryimage","url":"https:\/\/www.mcshirt.ch\/wp-content\/uploads\/2024\/05\/HYDRA.jpg.webp","contentUrl":"https:\/\/www.mcshirt.ch\/wp-content\/uploads\/2024\/05\/HYDRA.jpg.webp","width":598,"height":600},{"@type":"BreadcrumbList","@id":"https:\/\/www.mcshirt.ch\/produit\/mens-hydraplus-2000-jacket\/#breadcrumb","itemListElement":[{"@type":"ListItem","position":1,"name":"Home","item":"https:\/\/www.mcshirt.ch\/"},{"@type":"ListItem","position":2,"name":"Produits","item":"https:\/\/www.mcshirt.ch\/shop\/"},{"@type":"ListItem","position":3,"name":"Parka Hydraplus 2000 Homme"}]},{"@type":"WebSite","@id":"https:\/\/www.mcshirt.ch\/#website","url":"https:\/\/www.mcshirt.ch\/","name":"Mc Shirt","description":"LE SP\u00c9CIALISTE DE LA BRODERIE ET DE L&#039;IMPRESSION DEPUIS 1981","publisher":{"@id":"https:\/\/www.mcshirt.ch\/#organization"},"potentialAction":[{"@type":"SearchAction","target":{"@type":"EntryPoint","urlTemplate":"https:\/\/www.mcshirt.ch\/?s={search_term_string}"},"query-input":{"@type":"PropertyValueSpecification","valueRequired":true,"valueName":"search_term_string"}}],"inLanguage":"de-CH"},{"@type":"Organization","@id":"https:\/\/www.mcshirt.ch\/#organization","name":"Mc Shirt","url":"https:\/\/www.mcshirt.ch\/","logo":{"@type":"ImageObject","inLanguage":"de-CH","@id":"https:\/\/www.mcshirt.ch\/#\/schema\/logo\/image\/","url":"https:\/\/www.mcshirt.ch\/wp-content\/uploads\/2023\/11\/655495b7bcbf0.gif","contentUrl":"https:\/\/www.mcshirt.ch\/wp-content\/uploads\/2023\/11\/655495b7bcbf0.gif","width":350,"height":100,"caption":"Mc Shirt"},"image":{"@id":"https:\/\/www.mcshirt.ch\/#\/schema\/logo\/image\/"}}]}},"_links":{"self":[{"href":"https:\/\/www.mcshirt.ch\/de\/wp-json\/wp\/v2\/product\/33995","targetHints":{"allow":["GET"]}}],"collection":[{"href":"https:\/\/www.mcshirt.ch\/de\/wp-json\/wp\/v2\/product"}],"about":[{"href":"https:\/\/www.mcshirt.ch\/de\/wp-json\/wp\/v2\/types\/product"}],"version-history":[{"count":1,"href":"https:\/\/www.mcshirt.ch\/de\/wp-json\/wp\/v2\/product\/33995\/revisions"}],"predecessor-version":[{"id":46448,"href":"https:\/\/www.mcshirt.ch\/de\/wp-json\/wp\/v2\/product\/33995\/revisions\/46448"}],"wp:featuredmedia":[{"embeddable":true,"href":"https:\/\/www.mcshirt.ch\/de\/wp-json\/wp\/v2\/media\/39898"}],"wp:attachment":[{"href":"https:\/\/www.mcshirt.ch\/de\/wp-json\/wp\/v2\/media?parent=33995"}],"wp:term":[{"taxonomy":"product_brand","embeddable":true,"href":"https:\/\/www.mcshirt.ch\/de\/wp-json\/wp\/v2\/product_brand?post=33995"},{"taxonomy":"product_cat","embeddable":true,"href":"https:\/\/www.mcshirt.ch\/de\/wp-json\/wp\/v2\/product_cat?post=33995"},{"taxonomy":"product_tag","embeddable":true,"href":"https:\/\/www.mcshirt.ch\/de\/wp-json\/wp\/v2\/product_tag?post=33995"}],"curies":[{"name":"wp","href":"https:\/\/api.w.org\/{rel}","templated":true}]}}