{"id":36335,"date":"2024-07-16T16:00:39","date_gmt":"2024-07-16T14:00:39","guid":{"rendered":"https:\/\/mcshirt.texner.ch\/?post_type=product&#038;p=36335"},"modified":"2026-01-13T14:09:48","modified_gmt":"2026-01-13T13:09:48","slug":"kids-authentic-zipped-hooded-sweat","status":"publish","type":"product","link":"https:\/\/www.mcshirt.ch\/de\/produit\/kids-authentic-zipped-hooded-sweat\/","title":{"rendered":"Kids Zip-Hoodie"},"content":{"rendered":"<p><img fetchpriority=\"high\" decoding=\"async\" class=\"alignnone wp-image-39461 size-full\" src=\"https:\/\/www.mcshirt.ch\/wp-content\/uploads\/2024\/07\/Capture-decran-2024-08-19-093655.png\" alt=\"\" width=\"2038\" height=\"475\" srcset=\"https:\/\/www.mcshirt.ch\/wp-content\/uploads\/2024\/07\/Capture-decran-2024-08-19-093655.png 2038w, https:\/\/www.mcshirt.ch\/wp-content\/uploads\/2024\/07\/Capture-decran-2024-08-19-093655-300x70.png 300w, https:\/\/www.mcshirt.ch\/wp-content\/uploads\/2024\/07\/Capture-decran-2024-08-19-093655-1024x239.png 1024w, https:\/\/www.mcshirt.ch\/wp-content\/uploads\/2024\/07\/Capture-decran-2024-08-19-093655-768x179.png 768w, https:\/\/www.mcshirt.ch\/wp-content\/uploads\/2024\/07\/Capture-decran-2024-08-19-093655-1536x358.png 1536w, https:\/\/www.mcshirt.ch\/wp-content\/uploads\/2024\/07\/Capture-decran-2024-08-19-093655-18x4.png 18w, https:\/\/www.mcshirt.ch\/wp-content\/uploads\/2024\/07\/Capture-decran-2024-08-19-093655-600x140.png 600w\" sizes=\"(max-width: 2038px) 100vw, 2038px\" \/><\/p>","protected":false},"excerpt":{"rendered":"<table class=\"attributes table table-striped table-hover\">\n<tbody>\n<tr>\n<th>Zertifikat<\/th>\n<td>Fair Working Conditions<br \/>\nOeko-Tex 100<\/td>\n<\/tr>\n<tr>\n<th>Grammatur<\/th>\n<td>280 g\/m\u00b2<\/td>\n<\/tr>\n<tr>\n<th>Zusammensetzung<\/th>\n<td>Ext\u00e9rieur: 100% coton, Int\u00e9rieur: 80% coton \/ 20% polyester<\/td>\n<\/tr>\n<\/tbody>\n<\/table>","protected":false},"featured_media":39926,"template":"","meta":[],"product_brand":[328],"product_cat":[210,223,224],"product_tag":[],"class_list":{"0":"post-36335","1":"product","2":"type-product","3":"status-publish","4":"has-post-thumbnail","6":"product_brand-russell","7":"product_cat-enfant","8":"product_cat-sweatshirt-enfant","9":"product_cat-textile","11":"first","12":"instock","13":"taxable","14":"shipping-taxable","15":"purchasable","16":"product-type-variable","17":"has-default-attributes","18":"product-type-zakeke","19":"product-type-external"},"yoast_head":"<!-- This site is optimized with the Yoast SEO plugin v26.9 - https:\/\/yoast.com\/product\/yoast-seo-wordpress\/ -->\n<title>Kids\u00b4 Authentic Zipped Hooded Sweat | Personnalisable | Mc SHIRT | Livraison rapide<\/title>\n<meta name=\"description\" content=\"D\u00e9couvrez nos Kids\u00b4 Authentic Zipped Hooded Sweat Personnalisable | Mc SHIRT | Livraison rapide pour Enfants, personnalisables selon vos pr\u00e9f\u00e9rences, avec Mc SHIRT. Profitez de notre livraison rapide pour recevoir votre Sweatshirt personnalis\u00e9 dans les plus brefs d\u00e9lais. Exprimez votre style unique avec Mc SHIRT d\u00e8s aujourd&#039;hui !\" \/>\n<meta name=\"robots\" content=\"index, follow, max-snippet:-1, max-image-preview:large, max-video-preview:-1\" \/>\n<link rel=\"canonical\" href=\"https:\/\/www.mcshirt.ch\/de\/produkt\/kids-authentic-zipped-hooded-sweat\/\" \/>\n<meta property=\"og:locale\" content=\"de_DE\" \/>\n<meta property=\"og:type\" content=\"article\" \/>\n<meta property=\"og:title\" content=\"Kids\u00b4 Authentic Zipped Hooded Sweat | Personnalisable | Mc SHIRT | Livraison rapide\" \/>\n<meta property=\"og:description\" content=\"D\u00e9couvrez nos Kids\u00b4 Authentic Zipped Hooded Sweat Personnalisable | Mc SHIRT | Livraison rapide pour Enfants, personnalisables selon vos pr\u00e9f\u00e9rences, avec Mc SHIRT. Profitez de notre livraison rapide pour recevoir votre Sweatshirt personnalis\u00e9 dans les plus brefs d\u00e9lais. Exprimez votre style unique avec Mc SHIRT d\u00e8s aujourd&#039;hui !\" \/>\n<meta property=\"og:url\" content=\"https:\/\/www.mcshirt.ch\/de\/produkt\/kids-authentic-zipped-hooded-sweat\/\" \/>\n<meta property=\"og:site_name\" content=\"Mc Shirt\" \/>\n<meta property=\"article:modified_time\" content=\"2026-01-13T13:09:48+00:00\" \/>\n<meta property=\"og:image\" content=\"https:\/\/www.mcshirt.ch\/wp-content\/uploads\/2024\/07\/Kids\u00b4-Authentic-Zipped-Hooded.jpg.webp\" \/>\n\t<meta property=\"og:image:width\" content=\"598\" \/>\n\t<meta property=\"og:image:height\" content=\"600\" \/>\n\t<meta property=\"og:image:type\" content=\"image\/webp\" \/>\n<meta name=\"twitter:card\" content=\"summary_large_image\" \/>\n<meta name=\"twitter:label1\" content=\"Gesch\u00e4tzte Lesezeit\" \/>\n\t<meta name=\"twitter:data1\" content=\"1\u00a0Minute\" \/>\n<script type=\"application\/ld+json\" class=\"yoast-schema-graph\">{\"@context\":\"https:\/\/schema.org\",\"@graph\":[{\"@type\":\"WebPage\",\"@id\":\"https:\/\/www.mcshirt.ch\/produit\/kids-authentic-zipped-hooded-sweat\/\",\"url\":\"https:\/\/www.mcshirt.ch\/produit\/kids-authentic-zipped-hooded-sweat\/\",\"name\":\"Kids\u00b4 Authentic Zipped Hooded Sweat | Personnalisable | Mc SHIRT | Livraison rapide\",\"isPartOf\":{\"@id\":\"https:\/\/www.mcshirt.ch\/#website\"},\"primaryImageOfPage\":{\"@id\":\"https:\/\/www.mcshirt.ch\/produit\/kids-authentic-zipped-hooded-sweat\/#primaryimage\"},\"image\":{\"@id\":\"https:\/\/www.mcshirt.ch\/produit\/kids-authentic-zipped-hooded-sweat\/#primaryimage\"},\"thumbnailUrl\":\"https:\/\/www.mcshirt.ch\/wp-content\/uploads\/2024\/07\/Kids\u00b4-Authentic-Zipped-Hooded.jpg.webp\",\"datePublished\":\"2024-07-16T14:00:39+00:00\",\"dateModified\":\"2026-01-13T13:09:48+00:00\",\"description\":\"D\u00e9couvrez nos Kids\u00b4 Authentic Zipped Hooded Sweat Personnalisable | Mc SHIRT | Livraison rapide pour Enfants, personnalisables selon vos pr\u00e9f\u00e9rences, avec Mc SHIRT. Profitez de notre livraison rapide pour recevoir votre Sweatshirt personnalis\u00e9 dans les plus brefs d\u00e9lais. Exprimez votre style unique avec Mc SHIRT d\u00e8s aujourd'hui !\",\"breadcrumb\":{\"@id\":\"https:\/\/www.mcshirt.ch\/produit\/kids-authentic-zipped-hooded-sweat\/#breadcrumb\"},\"inLanguage\":\"de-CH\",\"potentialAction\":[{\"@type\":\"ReadAction\",\"target\":[\"https:\/\/www.mcshirt.ch\/produit\/kids-authentic-zipped-hooded-sweat\/\"]}]},{\"@type\":\"ImageObject\",\"inLanguage\":\"de-CH\",\"@id\":\"https:\/\/www.mcshirt.ch\/produit\/kids-authentic-zipped-hooded-sweat\/#primaryimage\",\"url\":\"https:\/\/www.mcshirt.ch\/wp-content\/uploads\/2024\/07\/Kids\u00b4-Authentic-Zipped-Hooded.jpg.webp\",\"contentUrl\":\"https:\/\/www.mcshirt.ch\/wp-content\/uploads\/2024\/07\/Kids\u00b4-Authentic-Zipped-Hooded.jpg.webp\",\"width\":598,\"height\":600},{\"@type\":\"BreadcrumbList\",\"@id\":\"https:\/\/www.mcshirt.ch\/produit\/kids-authentic-zipped-hooded-sweat\/#breadcrumb\",\"itemListElement\":[{\"@type\":\"ListItem\",\"position\":1,\"name\":\"Home\",\"item\":\"https:\/\/www.mcshirt.ch\/\"},{\"@type\":\"ListItem\",\"position\":2,\"name\":\"Produits\",\"item\":\"https:\/\/www.mcshirt.ch\/shop\/\"},{\"@type\":\"ListItem\",\"position\":3,\"name\":\"Hoodie Classique Enfant avec zip\"}]},{\"@type\":\"WebSite\",\"@id\":\"https:\/\/www.mcshirt.ch\/#website\",\"url\":\"https:\/\/www.mcshirt.ch\/\",\"name\":\"Mc Shirt\",\"description\":\"LE SP\u00c9CIALISTE DE LA BRODERIE ET DE L&#039;IMPRESSION DEPUIS 1981\",\"publisher\":{\"@id\":\"https:\/\/www.mcshirt.ch\/#organization\"},\"potentialAction\":[{\"@type\":\"SearchAction\",\"target\":{\"@type\":\"EntryPoint\",\"urlTemplate\":\"https:\/\/www.mcshirt.ch\/?s={search_term_string}\"},\"query-input\":{\"@type\":\"PropertyValueSpecification\",\"valueRequired\":true,\"valueName\":\"search_term_string\"}}],\"inLanguage\":\"de-CH\"},{\"@type\":\"Organization\",\"@id\":\"https:\/\/www.mcshirt.ch\/#organization\",\"name\":\"Mc Shirt\",\"url\":\"https:\/\/www.mcshirt.ch\/\",\"logo\":{\"@type\":\"ImageObject\",\"inLanguage\":\"de-CH\",\"@id\":\"https:\/\/www.mcshirt.ch\/#\/schema\/logo\/image\/\",\"url\":\"https:\/\/www.mcshirt.ch\/wp-content\/uploads\/2023\/11\/655495b7bcbf0.gif\",\"contentUrl\":\"https:\/\/www.mcshirt.ch\/wp-content\/uploads\/2023\/11\/655495b7bcbf0.gif\",\"width\":350,\"height\":100,\"caption\":\"Mc Shirt\"},\"image\":{\"@id\":\"https:\/\/www.mcshirt.ch\/#\/schema\/logo\/image\/\"}}]}<\/script>\n<!-- \/ Yoast SEO plugin. -->","yoast_head_json":{"title":"Kids\u00b4 Authentic Zipped Hooded Sweat | Personnalisable | Mc SHIRT | Livraison rapide","description":"D\u00e9couvrez nos Kids\u00b4 Authentic Zipped Hooded Sweat Personnalisable | Mc SHIRT | Livraison rapide pour Enfants, personnalisables selon vos pr\u00e9f\u00e9rences, avec Mc SHIRT. Profitez de notre livraison rapide pour recevoir votre Sweatshirt personnalis\u00e9 dans les plus brefs d\u00e9lais. Exprimez votre style unique avec Mc SHIRT d\u00e8s aujourd'hui !","robots":{"index":"index","follow":"follow","max-snippet":"max-snippet:-1","max-image-preview":"max-image-preview:large","max-video-preview":"max-video-preview:-1"},"canonical":"https:\/\/www.mcshirt.ch\/de\/produkt\/kids-authentic-zipped-hooded-sweat\/","og_locale":"de_DE","og_type":"article","og_title":"Kids\u00b4 Authentic Zipped Hooded Sweat | Personnalisable | Mc SHIRT | Livraison rapide","og_description":"D\u00e9couvrez nos Kids\u00b4 Authentic Zipped Hooded Sweat Personnalisable | Mc SHIRT | Livraison rapide pour Enfants, personnalisables selon vos pr\u00e9f\u00e9rences, avec Mc SHIRT. Profitez de notre livraison rapide pour recevoir votre Sweatshirt personnalis\u00e9 dans les plus brefs d\u00e9lais. Exprimez votre style unique avec Mc SHIRT d\u00e8s aujourd'hui !","og_url":"https:\/\/www.mcshirt.ch\/de\/produkt\/kids-authentic-zipped-hooded-sweat\/","og_site_name":"Mc Shirt","article_modified_time":"2026-01-13T13:09:48+00:00","og_image":[{"width":598,"height":600,"url":"https:\/\/www.mcshirt.ch\/wp-content\/uploads\/2024\/07\/Kids\u00b4-Authentic-Zipped-Hooded.jpg.webp","type":"image\/webp"}],"twitter_card":"summary_large_image","twitter_misc":{"Gesch\u00e4tzte Lesezeit":"1\u00a0Minute"},"schema":{"@context":"https:\/\/schema.org","@graph":[{"@type":"WebPage","@id":"https:\/\/www.mcshirt.ch\/produit\/kids-authentic-zipped-hooded-sweat\/","url":"https:\/\/www.mcshirt.ch\/produit\/kids-authentic-zipped-hooded-sweat\/","name":"Kids\u00b4 Authentic Zipped Hooded Sweat | Personnalisable | Mc SHIRT | Livraison rapide","isPartOf":{"@id":"https:\/\/www.mcshirt.ch\/#website"},"primaryImageOfPage":{"@id":"https:\/\/www.mcshirt.ch\/produit\/kids-authentic-zipped-hooded-sweat\/#primaryimage"},"image":{"@id":"https:\/\/www.mcshirt.ch\/produit\/kids-authentic-zipped-hooded-sweat\/#primaryimage"},"thumbnailUrl":"https:\/\/www.mcshirt.ch\/wp-content\/uploads\/2024\/07\/Kids\u00b4-Authentic-Zipped-Hooded.jpg.webp","datePublished":"2024-07-16T14:00:39+00:00","dateModified":"2026-01-13T13:09:48+00:00","description":"D\u00e9couvrez nos Kids\u00b4 Authentic Zipped Hooded Sweat Personnalisable | Mc SHIRT | Livraison rapide pour Enfants, personnalisables selon vos pr\u00e9f\u00e9rences, avec Mc SHIRT. Profitez de notre livraison rapide pour recevoir votre Sweatshirt personnalis\u00e9 dans les plus brefs d\u00e9lais. Exprimez votre style unique avec Mc SHIRT d\u00e8s aujourd'hui !","breadcrumb":{"@id":"https:\/\/www.mcshirt.ch\/produit\/kids-authentic-zipped-hooded-sweat\/#breadcrumb"},"inLanguage":"de-CH","potentialAction":[{"@type":"ReadAction","target":["https:\/\/www.mcshirt.ch\/produit\/kids-authentic-zipped-hooded-sweat\/"]}]},{"@type":"ImageObject","inLanguage":"de-CH","@id":"https:\/\/www.mcshirt.ch\/produit\/kids-authentic-zipped-hooded-sweat\/#primaryimage","url":"https:\/\/www.mcshirt.ch\/wp-content\/uploads\/2024\/07\/Kids\u00b4-Authentic-Zipped-Hooded.jpg.webp","contentUrl":"https:\/\/www.mcshirt.ch\/wp-content\/uploads\/2024\/07\/Kids\u00b4-Authentic-Zipped-Hooded.jpg.webp","width":598,"height":600},{"@type":"BreadcrumbList","@id":"https:\/\/www.mcshirt.ch\/produit\/kids-authentic-zipped-hooded-sweat\/#breadcrumb","itemListElement":[{"@type":"ListItem","position":1,"name":"Home","item":"https:\/\/www.mcshirt.ch\/"},{"@type":"ListItem","position":2,"name":"Produits","item":"https:\/\/www.mcshirt.ch\/shop\/"},{"@type":"ListItem","position":3,"name":"Hoodie Classique Enfant avec zip"}]},{"@type":"WebSite","@id":"https:\/\/www.mcshirt.ch\/#website","url":"https:\/\/www.mcshirt.ch\/","name":"Mc Shirt","description":"LE SP\u00c9CIALISTE DE LA BRODERIE ET DE L&#039;IMPRESSION DEPUIS 1981","publisher":{"@id":"https:\/\/www.mcshirt.ch\/#organization"},"potentialAction":[{"@type":"SearchAction","target":{"@type":"EntryPoint","urlTemplate":"https:\/\/www.mcshirt.ch\/?s={search_term_string}"},"query-input":{"@type":"PropertyValueSpecification","valueRequired":true,"valueName":"search_term_string"}}],"inLanguage":"de-CH"},{"@type":"Organization","@id":"https:\/\/www.mcshirt.ch\/#organization","name":"Mc Shirt","url":"https:\/\/www.mcshirt.ch\/","logo":{"@type":"ImageObject","inLanguage":"de-CH","@id":"https:\/\/www.mcshirt.ch\/#\/schema\/logo\/image\/","url":"https:\/\/www.mcshirt.ch\/wp-content\/uploads\/2023\/11\/655495b7bcbf0.gif","contentUrl":"https:\/\/www.mcshirt.ch\/wp-content\/uploads\/2023\/11\/655495b7bcbf0.gif","width":350,"height":100,"caption":"Mc Shirt"},"image":{"@id":"https:\/\/www.mcshirt.ch\/#\/schema\/logo\/image\/"}}]}},"_links":{"self":[{"href":"https:\/\/www.mcshirt.ch\/de\/wp-json\/wp\/v2\/product\/36335","targetHints":{"allow":["GET"]}}],"collection":[{"href":"https:\/\/www.mcshirt.ch\/de\/wp-json\/wp\/v2\/product"}],"about":[{"href":"https:\/\/www.mcshirt.ch\/de\/wp-json\/wp\/v2\/types\/product"}],"version-history":[{"count":1,"href":"https:\/\/www.mcshirt.ch\/de\/wp-json\/wp\/v2\/product\/36335\/revisions"}],"predecessor-version":[{"id":45103,"href":"https:\/\/www.mcshirt.ch\/de\/wp-json\/wp\/v2\/product\/36335\/revisions\/45103"}],"wp:featuredmedia":[{"embeddable":true,"href":"https:\/\/www.mcshirt.ch\/de\/wp-json\/wp\/v2\/media\/39926"}],"wp:attachment":[{"href":"https:\/\/www.mcshirt.ch\/de\/wp-json\/wp\/v2\/media?parent=36335"}],"wp:term":[{"taxonomy":"product_brand","embeddable":true,"href":"https:\/\/www.mcshirt.ch\/de\/wp-json\/wp\/v2\/product_brand?post=36335"},{"taxonomy":"product_cat","embeddable":true,"href":"https:\/\/www.mcshirt.ch\/de\/wp-json\/wp\/v2\/product_cat?post=36335"},{"taxonomy":"product_tag","embeddable":true,"href":"https:\/\/www.mcshirt.ch\/de\/wp-json\/wp\/v2\/product_tag?post=36335"}],"curies":[{"name":"wp","href":"https:\/\/api.w.org\/{rel}","templated":true}]}}