{"id":36441,"date":"2024-07-16T16:20:13","date_gmt":"2024-07-16T14:20:13","guid":{"rendered":"https:\/\/mcshirt.texner.ch\/?post_type=product&#038;p=36441"},"modified":"2026-01-13T14:10:51","modified_gmt":"2026-01-13T13:10:51","slug":"junior-hooded-soft-shell-jacket-personnalisable-mc-shirt-livraison-rapide","status":"publish","type":"product","link":"https:\/\/www.mcshirt.ch\/de\/produit\/junior-hooded-soft-shell-jacket-personnalisable-mc-shirt-livraison-rapide\/","title":{"rendered":"Kids Softshell Jacke mit Kapuze"},"content":{"rendered":"<p><img fetchpriority=\"high\" decoding=\"async\" class=\"alignnone wp-image-40280 size-full\" src=\"https:\/\/www.mcshirt.ch\/wp-content\/uploads\/2024\/07\/R224J-2.jpg\" alt=\"\" width=\"583\" height=\"101\" srcset=\"https:\/\/www.mcshirt.ch\/wp-content\/uploads\/2024\/07\/R224J-2.jpg 583w, https:\/\/www.mcshirt.ch\/wp-content\/uploads\/2024\/07\/R224J-2-300x52.jpg 300w, https:\/\/www.mcshirt.ch\/wp-content\/uploads\/2024\/07\/R224J-2-18x3.jpg 18w\" sizes=\"(max-width: 583px) 100vw, 583px\" \/><\/p>","protected":false},"excerpt":{"rendered":"<table class=\"attributes table table-striped table-hover\">\n<tbody>\n<tr>\n<th>Material<\/th>\n<td>Micropolaire<br \/>\nSoftshell<\/td>\n<\/tr>\n<tr>\n<th>Grammatur<\/th>\n<td>320 g\/m\u00b2<\/td>\n<\/tr>\n<tr>\n<th>Zusammensetzung<\/th>\n<td>Ext\u00e9rieur: 93% polyester \/ 7% \u00e9lasthanne, Int\u00e9rieur: 100% polyester<\/td>\n<\/tr>\n<\/tbody>\n<\/table>","protected":false},"featured_media":40255,"template":"","meta":[],"product_brand":[352],"product_cat":[210,900,224],"product_tag":[],"class_list":{"0":"post-36441","1":"product","2":"type-product","3":"status-publish","4":"has-post-thumbnail","6":"product_brand-result-core","7":"product_cat-enfant","8":"product_cat-veste-enfant","9":"product_cat-textile","11":"first","12":"instock","13":"taxable","14":"shipping-taxable","15":"purchasable","16":"product-type-variable","17":"has-default-attributes","18":"product-type-zakeke","19":"product-type-external"},"yoast_head":"<!-- This site is optimized with the Yoast SEO plugin v26.9 - https:\/\/yoast.com\/product\/yoast-seo-wordpress\/ -->\n<title>Veste Soft Shell Classique Enfant - Mc Shirt<\/title>\n<meta name=\"description\" content=\"D\u00e9couvrez nos Junior Hooded Soft Shell Jacket Personnalisable | Mc SHIRT | Livraison rapide pour Enfant, personnalisables selon vos pr\u00e9f\u00e9rences, avec Mc SHIRT. Profitez de notre livraison rapide pour recevoir votre Jacket personnalis\u00e9 dans les plus brefs d\u00e9lais. Exprimez votre style unique avec Mc SHIRT d\u00e8s aujourd&#039;hui !\" \/>\n<meta name=\"robots\" content=\"index, follow, max-snippet:-1, max-image-preview:large, max-video-preview:-1\" \/>\n<link rel=\"canonical\" href=\"https:\/\/www.mcshirt.ch\/de\/produkt\/junior-hooded-soft-shell-jacket-personnalisable-mc-shirt-livraison-rapide\/\" \/>\n<meta property=\"og:locale\" content=\"de_DE\" \/>\n<meta property=\"og:type\" content=\"article\" \/>\n<meta property=\"og:title\" content=\"Veste Soft Shell Classique Enfant - Mc Shirt\" \/>\n<meta property=\"og:description\" content=\"D\u00e9couvrez nos Junior Hooded Soft Shell Jacket Personnalisable | Mc SHIRT | Livraison rapide pour Enfant, personnalisables selon vos pr\u00e9f\u00e9rences, avec Mc SHIRT. Profitez de notre livraison rapide pour recevoir votre Jacket personnalis\u00e9 dans les plus brefs d\u00e9lais. Exprimez votre style unique avec Mc SHIRT d\u00e8s aujourd&#039;hui !\" \/>\n<meta property=\"og:url\" content=\"https:\/\/www.mcshirt.ch\/de\/produkt\/junior-hooded-soft-shell-jacket-personnalisable-mc-shirt-livraison-rapide\/\" \/>\n<meta property=\"og:site_name\" content=\"Mc Shirt\" \/>\n<meta property=\"article:modified_time\" content=\"2026-01-13T13:10:51+00:00\" \/>\n<meta property=\"og:image\" content=\"https:\/\/www.mcshirt.ch\/wp-content\/uploads\/2024\/07\/R224J.jpg\" \/>\n\t<meta property=\"og:image:width\" content=\"600\" \/>\n\t<meta property=\"og:image:height\" content=\"600\" \/>\n\t<meta property=\"og:image:type\" content=\"image\/jpeg\" \/>\n<meta name=\"twitter:card\" content=\"summary_large_image\" \/>\n<meta name=\"twitter:label1\" content=\"Gesch\u00e4tzte Lesezeit\" \/>\n\t<meta name=\"twitter:data1\" content=\"1\u00a0Minute\" \/>\n<script type=\"application\/ld+json\" class=\"yoast-schema-graph\">{\"@context\":\"https:\/\/schema.org\",\"@graph\":[{\"@type\":\"WebPage\",\"@id\":\"https:\/\/www.mcshirt.ch\/produit\/junior-hooded-soft-shell-jacket-personnalisable-mc-shirt-livraison-rapide\/\",\"url\":\"https:\/\/www.mcshirt.ch\/produit\/junior-hooded-soft-shell-jacket-personnalisable-mc-shirt-livraison-rapide\/\",\"name\":\"Veste Soft Shell Classique Enfant - Mc Shirt\",\"isPartOf\":{\"@id\":\"https:\/\/www.mcshirt.ch\/#website\"},\"primaryImageOfPage\":{\"@id\":\"https:\/\/www.mcshirt.ch\/produit\/junior-hooded-soft-shell-jacket-personnalisable-mc-shirt-livraison-rapide\/#primaryimage\"},\"image\":{\"@id\":\"https:\/\/www.mcshirt.ch\/produit\/junior-hooded-soft-shell-jacket-personnalisable-mc-shirt-livraison-rapide\/#primaryimage\"},\"thumbnailUrl\":\"https:\/\/www.mcshirt.ch\/wp-content\/uploads\/2024\/07\/R224J.jpg\",\"datePublished\":\"2024-07-16T14:20:13+00:00\",\"dateModified\":\"2026-01-13T13:10:51+00:00\",\"description\":\"D\u00e9couvrez nos Junior Hooded Soft Shell Jacket Personnalisable | Mc SHIRT | Livraison rapide pour Enfant, personnalisables selon vos pr\u00e9f\u00e9rences, avec Mc SHIRT. Profitez de notre livraison rapide pour recevoir votre Jacket personnalis\u00e9 dans les plus brefs d\u00e9lais. Exprimez votre style unique avec Mc SHIRT d\u00e8s aujourd'hui !\",\"breadcrumb\":{\"@id\":\"https:\/\/www.mcshirt.ch\/produit\/junior-hooded-soft-shell-jacket-personnalisable-mc-shirt-livraison-rapide\/#breadcrumb\"},\"inLanguage\":\"de-CH\",\"potentialAction\":[{\"@type\":\"ReadAction\",\"target\":[\"https:\/\/www.mcshirt.ch\/produit\/junior-hooded-soft-shell-jacket-personnalisable-mc-shirt-livraison-rapide\/\"]}]},{\"@type\":\"ImageObject\",\"inLanguage\":\"de-CH\",\"@id\":\"https:\/\/www.mcshirt.ch\/produit\/junior-hooded-soft-shell-jacket-personnalisable-mc-shirt-livraison-rapide\/#primaryimage\",\"url\":\"https:\/\/www.mcshirt.ch\/wp-content\/uploads\/2024\/07\/R224J.jpg\",\"contentUrl\":\"https:\/\/www.mcshirt.ch\/wp-content\/uploads\/2024\/07\/R224J.jpg\",\"width\":600,\"height\":600},{\"@type\":\"BreadcrumbList\",\"@id\":\"https:\/\/www.mcshirt.ch\/produit\/junior-hooded-soft-shell-jacket-personnalisable-mc-shirt-livraison-rapide\/#breadcrumb\",\"itemListElement\":[{\"@type\":\"ListItem\",\"position\":1,\"name\":\"Home\",\"item\":\"https:\/\/www.mcshirt.ch\/\"},{\"@type\":\"ListItem\",\"position\":2,\"name\":\"Produits\",\"item\":\"https:\/\/www.mcshirt.ch\/shop\/\"},{\"@type\":\"ListItem\",\"position\":3,\"name\":\"Junior TX Performance Hooded Soft Shell Jacket\"}]},{\"@type\":\"WebSite\",\"@id\":\"https:\/\/www.mcshirt.ch\/#website\",\"url\":\"https:\/\/www.mcshirt.ch\/\",\"name\":\"Mc Shirt\",\"description\":\"LE SP\u00c9CIALISTE DE LA BRODERIE ET DE L&#039;IMPRESSION DEPUIS 1981\",\"publisher\":{\"@id\":\"https:\/\/www.mcshirt.ch\/#organization\"},\"potentialAction\":[{\"@type\":\"SearchAction\",\"target\":{\"@type\":\"EntryPoint\",\"urlTemplate\":\"https:\/\/www.mcshirt.ch\/?s={search_term_string}\"},\"query-input\":{\"@type\":\"PropertyValueSpecification\",\"valueRequired\":true,\"valueName\":\"search_term_string\"}}],\"inLanguage\":\"de-CH\"},{\"@type\":\"Organization\",\"@id\":\"https:\/\/www.mcshirt.ch\/#organization\",\"name\":\"Mc Shirt\",\"url\":\"https:\/\/www.mcshirt.ch\/\",\"logo\":{\"@type\":\"ImageObject\",\"inLanguage\":\"de-CH\",\"@id\":\"https:\/\/www.mcshirt.ch\/#\/schema\/logo\/image\/\",\"url\":\"https:\/\/www.mcshirt.ch\/wp-content\/uploads\/2023\/11\/655495b7bcbf0.gif\",\"contentUrl\":\"https:\/\/www.mcshirt.ch\/wp-content\/uploads\/2023\/11\/655495b7bcbf0.gif\",\"width\":350,\"height\":100,\"caption\":\"Mc Shirt\"},\"image\":{\"@id\":\"https:\/\/www.mcshirt.ch\/#\/schema\/logo\/image\/\"}}]}<\/script>\n<!-- \/ Yoast SEO plugin. -->","yoast_head_json":{"title":"Veste Soft Shell Classique Enfant - Mc Shirt","description":"D\u00e9couvrez nos Junior Hooded Soft Shell Jacket Personnalisable | Mc SHIRT | Livraison rapide pour Enfant, personnalisables selon vos pr\u00e9f\u00e9rences, avec Mc SHIRT. Profitez de notre livraison rapide pour recevoir votre Jacket personnalis\u00e9 dans les plus brefs d\u00e9lais. Exprimez votre style unique avec Mc SHIRT d\u00e8s aujourd'hui !","robots":{"index":"index","follow":"follow","max-snippet":"max-snippet:-1","max-image-preview":"max-image-preview:large","max-video-preview":"max-video-preview:-1"},"canonical":"https:\/\/www.mcshirt.ch\/de\/produkt\/junior-hooded-soft-shell-jacket-personnalisable-mc-shirt-livraison-rapide\/","og_locale":"de_DE","og_type":"article","og_title":"Veste Soft Shell Classique Enfant - Mc Shirt","og_description":"D\u00e9couvrez nos Junior Hooded Soft Shell Jacket Personnalisable | Mc SHIRT | Livraison rapide pour Enfant, personnalisables selon vos pr\u00e9f\u00e9rences, avec Mc SHIRT. Profitez de notre livraison rapide pour recevoir votre Jacket personnalis\u00e9 dans les plus brefs d\u00e9lais. Exprimez votre style unique avec Mc SHIRT d\u00e8s aujourd'hui !","og_url":"https:\/\/www.mcshirt.ch\/de\/produkt\/junior-hooded-soft-shell-jacket-personnalisable-mc-shirt-livraison-rapide\/","og_site_name":"Mc Shirt","article_modified_time":"2026-01-13T13:10:51+00:00","og_image":[{"width":600,"height":600,"url":"https:\/\/www.mcshirt.ch\/wp-content\/uploads\/2024\/07\/R224J.jpg","type":"image\/jpeg"}],"twitter_card":"summary_large_image","twitter_misc":{"Gesch\u00e4tzte Lesezeit":"1\u00a0Minute"},"schema":{"@context":"https:\/\/schema.org","@graph":[{"@type":"WebPage","@id":"https:\/\/www.mcshirt.ch\/produit\/junior-hooded-soft-shell-jacket-personnalisable-mc-shirt-livraison-rapide\/","url":"https:\/\/www.mcshirt.ch\/produit\/junior-hooded-soft-shell-jacket-personnalisable-mc-shirt-livraison-rapide\/","name":"Veste Soft Shell Classique Enfant - Mc Shirt","isPartOf":{"@id":"https:\/\/www.mcshirt.ch\/#website"},"primaryImageOfPage":{"@id":"https:\/\/www.mcshirt.ch\/produit\/junior-hooded-soft-shell-jacket-personnalisable-mc-shirt-livraison-rapide\/#primaryimage"},"image":{"@id":"https:\/\/www.mcshirt.ch\/produit\/junior-hooded-soft-shell-jacket-personnalisable-mc-shirt-livraison-rapide\/#primaryimage"},"thumbnailUrl":"https:\/\/www.mcshirt.ch\/wp-content\/uploads\/2024\/07\/R224J.jpg","datePublished":"2024-07-16T14:20:13+00:00","dateModified":"2026-01-13T13:10:51+00:00","description":"D\u00e9couvrez nos Junior Hooded Soft Shell Jacket Personnalisable | Mc SHIRT | Livraison rapide pour Enfant, personnalisables selon vos pr\u00e9f\u00e9rences, avec Mc SHIRT. Profitez de notre livraison rapide pour recevoir votre Jacket personnalis\u00e9 dans les plus brefs d\u00e9lais. Exprimez votre style unique avec Mc SHIRT d\u00e8s aujourd'hui !","breadcrumb":{"@id":"https:\/\/www.mcshirt.ch\/produit\/junior-hooded-soft-shell-jacket-personnalisable-mc-shirt-livraison-rapide\/#breadcrumb"},"inLanguage":"de-CH","potentialAction":[{"@type":"ReadAction","target":["https:\/\/www.mcshirt.ch\/produit\/junior-hooded-soft-shell-jacket-personnalisable-mc-shirt-livraison-rapide\/"]}]},{"@type":"ImageObject","inLanguage":"de-CH","@id":"https:\/\/www.mcshirt.ch\/produit\/junior-hooded-soft-shell-jacket-personnalisable-mc-shirt-livraison-rapide\/#primaryimage","url":"https:\/\/www.mcshirt.ch\/wp-content\/uploads\/2024\/07\/R224J.jpg","contentUrl":"https:\/\/www.mcshirt.ch\/wp-content\/uploads\/2024\/07\/R224J.jpg","width":600,"height":600},{"@type":"BreadcrumbList","@id":"https:\/\/www.mcshirt.ch\/produit\/junior-hooded-soft-shell-jacket-personnalisable-mc-shirt-livraison-rapide\/#breadcrumb","itemListElement":[{"@type":"ListItem","position":1,"name":"Home","item":"https:\/\/www.mcshirt.ch\/"},{"@type":"ListItem","position":2,"name":"Produits","item":"https:\/\/www.mcshirt.ch\/shop\/"},{"@type":"ListItem","position":3,"name":"Junior TX Performance Hooded Soft Shell Jacket"}]},{"@type":"WebSite","@id":"https:\/\/www.mcshirt.ch\/#website","url":"https:\/\/www.mcshirt.ch\/","name":"Mc Shirt","description":"LE SP\u00c9CIALISTE DE LA BRODERIE ET DE L&#039;IMPRESSION DEPUIS 1981","publisher":{"@id":"https:\/\/www.mcshirt.ch\/#organization"},"potentialAction":[{"@type":"SearchAction","target":{"@type":"EntryPoint","urlTemplate":"https:\/\/www.mcshirt.ch\/?s={search_term_string}"},"query-input":{"@type":"PropertyValueSpecification","valueRequired":true,"valueName":"search_term_string"}}],"inLanguage":"de-CH"},{"@type":"Organization","@id":"https:\/\/www.mcshirt.ch\/#organization","name":"Mc Shirt","url":"https:\/\/www.mcshirt.ch\/","logo":{"@type":"ImageObject","inLanguage":"de-CH","@id":"https:\/\/www.mcshirt.ch\/#\/schema\/logo\/image\/","url":"https:\/\/www.mcshirt.ch\/wp-content\/uploads\/2023\/11\/655495b7bcbf0.gif","contentUrl":"https:\/\/www.mcshirt.ch\/wp-content\/uploads\/2023\/11\/655495b7bcbf0.gif","width":350,"height":100,"caption":"Mc Shirt"},"image":{"@id":"https:\/\/www.mcshirt.ch\/#\/schema\/logo\/image\/"}}]}},"_links":{"self":[{"href":"https:\/\/www.mcshirt.ch\/de\/wp-json\/wp\/v2\/product\/36441","targetHints":{"allow":["GET"]}}],"collection":[{"href":"https:\/\/www.mcshirt.ch\/de\/wp-json\/wp\/v2\/product"}],"about":[{"href":"https:\/\/www.mcshirt.ch\/de\/wp-json\/wp\/v2\/types\/product"}],"version-history":[{"count":0,"href":"https:\/\/www.mcshirt.ch\/de\/wp-json\/wp\/v2\/product\/36441\/revisions"}],"wp:featuredmedia":[{"embeddable":true,"href":"https:\/\/www.mcshirt.ch\/de\/wp-json\/wp\/v2\/media\/40255"}],"wp:attachment":[{"href":"https:\/\/www.mcshirt.ch\/de\/wp-json\/wp\/v2\/media?parent=36441"}],"wp:term":[{"taxonomy":"product_brand","embeddable":true,"href":"https:\/\/www.mcshirt.ch\/de\/wp-json\/wp\/v2\/product_brand?post=36441"},{"taxonomy":"product_cat","embeddable":true,"href":"https:\/\/www.mcshirt.ch\/de\/wp-json\/wp\/v2\/product_cat?post=36441"},{"taxonomy":"product_tag","embeddable":true,"href":"https:\/\/www.mcshirt.ch\/de\/wp-json\/wp\/v2\/product_tag?post=36441"}],"curies":[{"name":"wp","href":"https:\/\/api.w.org\/{rel}","templated":true}]}}