{"id":40308,"date":"2024-10-15T10:39:26","date_gmt":"2024-10-15T08:39:26","guid":{"rendered":"https:\/\/mcshirt.texner.ch\/?post_type=product&#038;p=40308"},"modified":"2026-01-12T20:50:27","modified_gmt":"2026-01-12T19:50:27","slug":"inspire-t-men-express","status":"publish","type":"product","link":"https:\/\/www.mcshirt.ch\/de\/produit\/inspire-t-men-express\/","title":{"rendered":"Bio T-Shirt Inspire EXPRESS"},"content":{"rendered":"<div class=\"flex-shrink-0 flex flex-col relative items-end\">\n<div class=\"pt-0.5 juice:pt-0\">\n<div class=\"gizmo-bot-avatar flex h-6 w-6 items-center justify-center overflow-hidden rounded-full juice:h-8 juice:w-8\">\n<div class=\"relative p-1 rounded-sm flex items-center justify-center bg-token-main-surface-primary text-token-text-primary h-8 w-8\"><\/div>\n<\/div>\n<\/div>\n<\/div>\n<p><img fetchpriority=\"high\" decoding=\"async\" class=\"alignnone wp-image-42697\" src=\"https:\/\/www.mcshirt.ch\/wp-content\/uploads\/2024\/10\/TM042-tt.jpg\" alt=\"\" width=\"784\" height=\"195\" srcset=\"https:\/\/www.mcshirt.ch\/wp-content\/uploads\/2024\/10\/TM042-tt.jpg 1105w, https:\/\/www.mcshirt.ch\/wp-content\/uploads\/2024\/10\/TM042-tt-300x75.jpg 300w, https:\/\/www.mcshirt.ch\/wp-content\/uploads\/2024\/10\/TM042-tt-1024x255.jpg 1024w, https:\/\/www.mcshirt.ch\/wp-content\/uploads\/2024\/10\/TM042-tt-768x191.jpg 768w, https:\/\/www.mcshirt.ch\/wp-content\/uploads\/2024\/10\/TM042-tt-18x4.jpg 18w, https:\/\/www.mcshirt.ch\/wp-content\/uploads\/2024\/10\/TM042-tt-600x149.jpg 600w\" sizes=\"(max-width: 784px) 100vw, 784px\" \/><\/p>","protected":false},"excerpt":{"rendered":"<table class=\"attributes table table-striped table-hover\">\n<tbody>\n<tr>\n<th>Zertifikat<\/th>\n<td>Organic Cotton<br \/>\nV\u00e9g\u00e9talien<br \/>\nFair Working Conditions<br \/>\nOeko-Tex 100<br \/>\nOrganic Cotton en conversion<\/td>\n<\/tr>\n<tr>\n<th>Grammatur<\/th>\n<td>140 g\/m\u00b2<\/td>\n<\/tr>\n<tr>\n<th>Zusammensetzung<\/th>\n<td>100% coton (Sports Grey: 90% coton \/ 10% viscose)<\/td>\n<\/tr>\n<\/tbody>\n<\/table>","protected":false},"featured_media":42177,"template":"","meta":[],"product_brand":[442],"product_cat":[901,209,211,224],"product_tag":[],"class_list":{"0":"post-40308","1":"product","2":"type-product","3":"status-publish","4":"has-post-thumbnail","6":"product_brand-bc-be-inspired","7":"product_cat-express","8":"product_cat-homme","9":"product_cat-t-shirt","10":"product_cat-textile","12":"first","13":"instock","14":"taxable","15":"shipping-taxable","16":"purchasable","17":"product-type-variable","18":"has-default-attributes","19":"product-type-zakeke","20":"product-type-external"},"yoast_head":"<!-- This site is optimized with the Yoast SEO plugin v26.9 - https:\/\/yoast.com\/product\/yoast-seo-wordpress\/ -->\n<title>T-shirt Inspire T \/Men | Personnalisable | Mc SHIRT | Livraison rapide<\/title>\n<meta name=\"description\" content=\"D\u00e9couvrez nos t-shirts T-shirt Inspire T pour hommes, personnalisables selon vos pr\u00e9f\u00e9rences, avec Mc SHIRT. Profitez de notre livraison rapide pour recevoir votre t-shirt personnalis\u00e9 dans les plus brefs d\u00e9lais. Exprimez votre style unique avec Mc SHIRT d\u00e8s aujourd&#039;hui !\" \/>\n<meta name=\"robots\" content=\"index, follow, max-snippet:-1, max-image-preview:large, max-video-preview:-1\" \/>\n<link rel=\"canonical\" href=\"https:\/\/www.mcshirt.ch\/de\/produkt\/inspire-t-men-express\/\" \/>\n<meta property=\"og:locale\" content=\"de_DE\" \/>\n<meta property=\"og:type\" content=\"article\" \/>\n<meta property=\"og:title\" content=\"T-shirt Inspire T \/Men | Personnalisable | Mc SHIRT | Livraison rapide\" \/>\n<meta property=\"og:description\" content=\"D\u00e9couvrez nos t-shirts T-shirt Inspire T pour hommes, personnalisables selon vos pr\u00e9f\u00e9rences, avec Mc SHIRT. Profitez de notre livraison rapide pour recevoir votre t-shirt personnalis\u00e9 dans les plus brefs d\u00e9lais. Exprimez votre style unique avec Mc SHIRT d\u00e8s aujourd&#039;hui !\" \/>\n<meta property=\"og:url\" content=\"https:\/\/www.mcshirt.ch\/de\/produkt\/inspire-t-men-express\/\" \/>\n<meta property=\"og:site_name\" content=\"Mc Shirt\" \/>\n<meta property=\"article:modified_time\" content=\"2026-01-12T19:50:27+00:00\" \/>\n<meta property=\"og:image\" content=\"https:\/\/www.mcshirt.ch\/wp-content\/uploads\/2024\/10\/HGTSHTG.png\" \/>\n\t<meta property=\"og:image:width\" content=\"1000\" \/>\n\t<meta property=\"og:image:height\" content=\"1000\" \/>\n\t<meta property=\"og:image:type\" content=\"image\/png\" \/>\n<meta name=\"twitter:card\" content=\"summary_large_image\" \/>\n<meta name=\"twitter:label1\" content=\"Gesch\u00e4tzte Lesezeit\" \/>\n\t<meta name=\"twitter:data1\" content=\"1\u00a0Minute\" \/>\n<script type=\"application\/ld+json\" class=\"yoast-schema-graph\">{\"@context\":\"https:\/\/schema.org\",\"@graph\":[{\"@type\":\"WebPage\",\"@id\":\"https:\/\/www.mcshirt.ch\/produit\/inspire-t-men-express\/\",\"url\":\"https:\/\/www.mcshirt.ch\/produit\/inspire-t-men-express\/\",\"name\":\"T-shirt Inspire T \/Men | Personnalisable | Mc SHIRT | Livraison rapide\",\"isPartOf\":{\"@id\":\"https:\/\/www.mcshirt.ch\/#website\"},\"primaryImageOfPage\":{\"@id\":\"https:\/\/www.mcshirt.ch\/produit\/inspire-t-men-express\/#primaryimage\"},\"image\":{\"@id\":\"https:\/\/www.mcshirt.ch\/produit\/inspire-t-men-express\/#primaryimage\"},\"thumbnailUrl\":\"https:\/\/www.mcshirt.ch\/wp-content\/uploads\/2024\/10\/HGTSHTG.png\",\"datePublished\":\"2024-10-15T08:39:26+00:00\",\"dateModified\":\"2026-01-12T19:50:27+00:00\",\"description\":\"D\u00e9couvrez nos t-shirts T-shirt Inspire T pour hommes, personnalisables selon vos pr\u00e9f\u00e9rences, avec Mc SHIRT. Profitez de notre livraison rapide pour recevoir votre t-shirt personnalis\u00e9 dans les plus brefs d\u00e9lais. Exprimez votre style unique avec Mc SHIRT d\u00e8s aujourd'hui !\",\"breadcrumb\":{\"@id\":\"https:\/\/www.mcshirt.ch\/produit\/inspire-t-men-express\/#breadcrumb\"},\"inLanguage\":\"de-CH\",\"potentialAction\":[{\"@type\":\"ReadAction\",\"target\":[\"https:\/\/www.mcshirt.ch\/produit\/inspire-t-men-express\/\"]}]},{\"@type\":\"ImageObject\",\"inLanguage\":\"de-CH\",\"@id\":\"https:\/\/www.mcshirt.ch\/produit\/inspire-t-men-express\/#primaryimage\",\"url\":\"https:\/\/www.mcshirt.ch\/wp-content\/uploads\/2024\/10\/HGTSHTG.png\",\"contentUrl\":\"https:\/\/www.mcshirt.ch\/wp-content\/uploads\/2024\/10\/HGTSHTG.png\",\"width\":1000,\"height\":1000},{\"@type\":\"BreadcrumbList\",\"@id\":\"https:\/\/www.mcshirt.ch\/produit\/inspire-t-men-express\/#breadcrumb\",\"itemListElement\":[{\"@type\":\"ListItem\",\"position\":1,\"name\":\"Home\",\"item\":\"https:\/\/www.mcshirt.ch\/\"},{\"@type\":\"ListItem\",\"position\":2,\"name\":\"Produits\",\"item\":\"https:\/\/www.mcshirt.ch\/shop\/\"},{\"@type\":\"ListItem\",\"position\":3,\"name\":\"T-shirt Bio Homme EXPRESS\"}]},{\"@type\":\"WebSite\",\"@id\":\"https:\/\/www.mcshirt.ch\/#website\",\"url\":\"https:\/\/www.mcshirt.ch\/\",\"name\":\"Mc Shirt\",\"description\":\"LE SP\u00c9CIALISTE DE LA BRODERIE ET DE L&#039;IMPRESSION DEPUIS 1981\",\"publisher\":{\"@id\":\"https:\/\/www.mcshirt.ch\/#organization\"},\"potentialAction\":[{\"@type\":\"SearchAction\",\"target\":{\"@type\":\"EntryPoint\",\"urlTemplate\":\"https:\/\/www.mcshirt.ch\/?s={search_term_string}\"},\"query-input\":{\"@type\":\"PropertyValueSpecification\",\"valueRequired\":true,\"valueName\":\"search_term_string\"}}],\"inLanguage\":\"de-CH\"},{\"@type\":\"Organization\",\"@id\":\"https:\/\/www.mcshirt.ch\/#organization\",\"name\":\"Mc Shirt\",\"url\":\"https:\/\/www.mcshirt.ch\/\",\"logo\":{\"@type\":\"ImageObject\",\"inLanguage\":\"de-CH\",\"@id\":\"https:\/\/www.mcshirt.ch\/#\/schema\/logo\/image\/\",\"url\":\"https:\/\/www.mcshirt.ch\/wp-content\/uploads\/2023\/11\/655495b7bcbf0.gif\",\"contentUrl\":\"https:\/\/www.mcshirt.ch\/wp-content\/uploads\/2023\/11\/655495b7bcbf0.gif\",\"width\":350,\"height\":100,\"caption\":\"Mc Shirt\"},\"image\":{\"@id\":\"https:\/\/www.mcshirt.ch\/#\/schema\/logo\/image\/\"}}]}<\/script>\n<!-- \/ Yoast SEO plugin. -->","yoast_head_json":{"title":"T-shirt Inspire T \/Men | Personnalisable | Mc SHIRT | Livraison rapide","description":"D\u00e9couvrez nos t-shirts T-shirt Inspire T pour hommes, personnalisables selon vos pr\u00e9f\u00e9rences, avec Mc SHIRT. Profitez de notre livraison rapide pour recevoir votre t-shirt personnalis\u00e9 dans les plus brefs d\u00e9lais. Exprimez votre style unique avec Mc SHIRT d\u00e8s aujourd'hui !","robots":{"index":"index","follow":"follow","max-snippet":"max-snippet:-1","max-image-preview":"max-image-preview:large","max-video-preview":"max-video-preview:-1"},"canonical":"https:\/\/www.mcshirt.ch\/de\/produkt\/inspire-t-men-express\/","og_locale":"de_DE","og_type":"article","og_title":"T-shirt Inspire T \/Men | Personnalisable | Mc SHIRT | Livraison rapide","og_description":"D\u00e9couvrez nos t-shirts T-shirt Inspire T pour hommes, personnalisables selon vos pr\u00e9f\u00e9rences, avec Mc SHIRT. Profitez de notre livraison rapide pour recevoir votre t-shirt personnalis\u00e9 dans les plus brefs d\u00e9lais. Exprimez votre style unique avec Mc SHIRT d\u00e8s aujourd'hui !","og_url":"https:\/\/www.mcshirt.ch\/de\/produkt\/inspire-t-men-express\/","og_site_name":"Mc Shirt","article_modified_time":"2026-01-12T19:50:27+00:00","og_image":[{"width":1000,"height":1000,"url":"https:\/\/www.mcshirt.ch\/wp-content\/uploads\/2024\/10\/HGTSHTG.png","type":"image\/png"}],"twitter_card":"summary_large_image","twitter_misc":{"Gesch\u00e4tzte Lesezeit":"1\u00a0Minute"},"schema":{"@context":"https:\/\/schema.org","@graph":[{"@type":"WebPage","@id":"https:\/\/www.mcshirt.ch\/produit\/inspire-t-men-express\/","url":"https:\/\/www.mcshirt.ch\/produit\/inspire-t-men-express\/","name":"T-shirt Inspire T \/Men | Personnalisable | Mc SHIRT | Livraison rapide","isPartOf":{"@id":"https:\/\/www.mcshirt.ch\/#website"},"primaryImageOfPage":{"@id":"https:\/\/www.mcshirt.ch\/produit\/inspire-t-men-express\/#primaryimage"},"image":{"@id":"https:\/\/www.mcshirt.ch\/produit\/inspire-t-men-express\/#primaryimage"},"thumbnailUrl":"https:\/\/www.mcshirt.ch\/wp-content\/uploads\/2024\/10\/HGTSHTG.png","datePublished":"2024-10-15T08:39:26+00:00","dateModified":"2026-01-12T19:50:27+00:00","description":"D\u00e9couvrez nos t-shirts T-shirt Inspire T pour hommes, personnalisables selon vos pr\u00e9f\u00e9rences, avec Mc SHIRT. Profitez de notre livraison rapide pour recevoir votre t-shirt personnalis\u00e9 dans les plus brefs d\u00e9lais. Exprimez votre style unique avec Mc SHIRT d\u00e8s aujourd'hui !","breadcrumb":{"@id":"https:\/\/www.mcshirt.ch\/produit\/inspire-t-men-express\/#breadcrumb"},"inLanguage":"de-CH","potentialAction":[{"@type":"ReadAction","target":["https:\/\/www.mcshirt.ch\/produit\/inspire-t-men-express\/"]}]},{"@type":"ImageObject","inLanguage":"de-CH","@id":"https:\/\/www.mcshirt.ch\/produit\/inspire-t-men-express\/#primaryimage","url":"https:\/\/www.mcshirt.ch\/wp-content\/uploads\/2024\/10\/HGTSHTG.png","contentUrl":"https:\/\/www.mcshirt.ch\/wp-content\/uploads\/2024\/10\/HGTSHTG.png","width":1000,"height":1000},{"@type":"BreadcrumbList","@id":"https:\/\/www.mcshirt.ch\/produit\/inspire-t-men-express\/#breadcrumb","itemListElement":[{"@type":"ListItem","position":1,"name":"Home","item":"https:\/\/www.mcshirt.ch\/"},{"@type":"ListItem","position":2,"name":"Produits","item":"https:\/\/www.mcshirt.ch\/shop\/"},{"@type":"ListItem","position":3,"name":"T-shirt Bio Homme EXPRESS"}]},{"@type":"WebSite","@id":"https:\/\/www.mcshirt.ch\/#website","url":"https:\/\/www.mcshirt.ch\/","name":"Mc Shirt","description":"LE SP\u00c9CIALISTE DE LA BRODERIE ET DE L&#039;IMPRESSION DEPUIS 1981","publisher":{"@id":"https:\/\/www.mcshirt.ch\/#organization"},"potentialAction":[{"@type":"SearchAction","target":{"@type":"EntryPoint","urlTemplate":"https:\/\/www.mcshirt.ch\/?s={search_term_string}"},"query-input":{"@type":"PropertyValueSpecification","valueRequired":true,"valueName":"search_term_string"}}],"inLanguage":"de-CH"},{"@type":"Organization","@id":"https:\/\/www.mcshirt.ch\/#organization","name":"Mc Shirt","url":"https:\/\/www.mcshirt.ch\/","logo":{"@type":"ImageObject","inLanguage":"de-CH","@id":"https:\/\/www.mcshirt.ch\/#\/schema\/logo\/image\/","url":"https:\/\/www.mcshirt.ch\/wp-content\/uploads\/2023\/11\/655495b7bcbf0.gif","contentUrl":"https:\/\/www.mcshirt.ch\/wp-content\/uploads\/2023\/11\/655495b7bcbf0.gif","width":350,"height":100,"caption":"Mc Shirt"},"image":{"@id":"https:\/\/www.mcshirt.ch\/#\/schema\/logo\/image\/"}}]}},"_links":{"self":[{"href":"https:\/\/www.mcshirt.ch\/de\/wp-json\/wp\/v2\/product\/40308","targetHints":{"allow":["GET"]}}],"collection":[{"href":"https:\/\/www.mcshirt.ch\/de\/wp-json\/wp\/v2\/product"}],"about":[{"href":"https:\/\/www.mcshirt.ch\/de\/wp-json\/wp\/v2\/types\/product"}],"version-history":[{"count":1,"href":"https:\/\/www.mcshirt.ch\/de\/wp-json\/wp\/v2\/product\/40308\/revisions"}],"predecessor-version":[{"id":44305,"href":"https:\/\/www.mcshirt.ch\/de\/wp-json\/wp\/v2\/product\/40308\/revisions\/44305"}],"wp:featuredmedia":[{"embeddable":true,"href":"https:\/\/www.mcshirt.ch\/de\/wp-json\/wp\/v2\/media\/42177"}],"wp:attachment":[{"href":"https:\/\/www.mcshirt.ch\/de\/wp-json\/wp\/v2\/media?parent=40308"}],"wp:term":[{"taxonomy":"product_brand","embeddable":true,"href":"https:\/\/www.mcshirt.ch\/de\/wp-json\/wp\/v2\/product_brand?post=40308"},{"taxonomy":"product_cat","embeddable":true,"href":"https:\/\/www.mcshirt.ch\/de\/wp-json\/wp\/v2\/product_cat?post=40308"},{"taxonomy":"product_tag","embeddable":true,"href":"https:\/\/www.mcshirt.ch\/de\/wp-json\/wp\/v2\/product_tag?post=40308"}],"curies":[{"name":"wp","href":"https:\/\/api.w.org\/{rel}","templated":true}]}}