{"id":40845,"date":"2024-10-15T10:49:40","date_gmt":"2024-10-15T08:49:40","guid":{"rendered":"https:\/\/mcshirt.texner.ch\/?post_type=product&#038;p=40845"},"modified":"2026-01-12T20:50:36","modified_gmt":"2026-01-12T19:50:36","slug":"kids-t-shirt-exact-190-express","status":"publish","type":"product","link":"https:\/\/www.mcshirt.ch\/de\/produit\/kids-t-shirt-exact-190-express\/","title":{"rendered":"Kids T-Shirt EXPRESS"},"content":{"rendered":"<p><img fetchpriority=\"high\" decoding=\"async\" class=\"alignnone wp-image-42654\" src=\"https:\/\/www.mcshirt.ch\/wp-content\/uploads\/2024\/07\/190enfant.jpg\" alt=\"\" width=\"1013\" height=\"342\" srcset=\"https:\/\/www.mcshirt.ch\/wp-content\/uploads\/2024\/07\/190enfant.jpg 1771w, https:\/\/www.mcshirt.ch\/wp-content\/uploads\/2024\/07\/190enfant-300x101.jpg 300w, https:\/\/www.mcshirt.ch\/wp-content\/uploads\/2024\/07\/190enfant-1024x346.jpg 1024w, https:\/\/www.mcshirt.ch\/wp-content\/uploads\/2024\/07\/190enfant-768x259.jpg 768w, https:\/\/www.mcshirt.ch\/wp-content\/uploads\/2024\/07\/190enfant-1536x519.jpg 1536w, https:\/\/www.mcshirt.ch\/wp-content\/uploads\/2024\/07\/190enfant-18x6.jpg 18w, https:\/\/www.mcshirt.ch\/wp-content\/uploads\/2024\/07\/190enfant-600x203.jpg 600w\" sizes=\"(max-width: 1013px) 100vw, 1013px\" \/><\/p>","protected":false},"excerpt":{"rendered":"<table class=\"attributes table table-striped table-hover\">\n<tbody>\n<tr>\n<th>Zertifikat<\/th>\n<td>V\u00e9g\u00e9talien<br \/>\nFair Working Conditions<br \/>\nOeko-Tex 100<br \/>\nBetter cotton (BCI cotton)<\/td>\n<\/tr>\n<tr>\n<th>Grammatur<\/th>\n<td>185 g\/m\u00b2<\/td>\n<\/tr>\n<tr>\n<th>Oeko-Tex<\/th>\n<td>STANDARD 100 by OEKO-TEX\u00ae: 1501003 Centexbel<\/td>\n<\/tr>\n<tr>\n<th>Zusammensetzung<\/th>\n<td>100% coton (Ash: 99% coton \/ 1% viscose)<\/td>\n<\/tr>\n<\/tbody>\n<\/table>","protected":false},"featured_media":42656,"template":"","meta":[],"product_brand":[],"product_cat":[901,210,221,224],"product_tag":[],"class_list":{"0":"post-40845","1":"product","2":"type-product","3":"status-publish","4":"has-post-thumbnail","6":"product_cat-express","7":"product_cat-enfant","8":"product_cat-t-shirt-enfant","9":"product_cat-textile","11":"first","12":"instock","13":"taxable","14":"shipping-taxable","15":"purchasable","16":"product-type-variable","17":"has-default-attributes","18":"product-type-zakeke","19":"product-type-external"},"yoast_head":"<!-- This site is optimized with the Yoast SEO plugin v26.9 - https:\/\/yoast.com\/product\/yoast-seo-wordpress\/ -->\n<title>Ladies\u00b4 Long Slub Tee | Personnalisable | Mc SHIRT | Livraison rapide<\/title>\n<meta name=\"description\" content=\"D\u00e9couvrez nos Kids\u00b4 T-Shirt Exact 190 Personnalisable | Mc SHIRT | Livraison rapide pour Enfants, personnalisables selon vos pr\u00e9f\u00e9rences, avec Mc SHIRT. Profitez de notre livraison rapide pour recevoir votre T-Shirt personnalis\u00e9 dans les plus brefs d\u00e9lais. Exprimez votre style unique avec Mc SHIRT d\u00e8s aujourd&#039;hui !\" \/>\n<meta name=\"robots\" content=\"index, follow, max-snippet:-1, max-image-preview:large, max-video-preview:-1\" \/>\n<link rel=\"canonical\" href=\"https:\/\/www.mcshirt.ch\/de\/produkt\/kids-t-shirt-exact-190-express\/\" \/>\n<meta property=\"og:locale\" content=\"de_DE\" \/>\n<meta property=\"og:type\" content=\"article\" \/>\n<meta property=\"og:title\" content=\"Ladies\u00b4 Long Slub Tee | Personnalisable | Mc SHIRT | Livraison rapide\" \/>\n<meta property=\"og:description\" content=\"D\u00e9couvrez nos Kids\u00b4 T-Shirt Exact 190 Personnalisable | Mc SHIRT | Livraison rapide pour Enfants, personnalisables selon vos pr\u00e9f\u00e9rences, avec Mc SHIRT. Profitez de notre livraison rapide pour recevoir votre T-Shirt personnalis\u00e9 dans les plus brefs d\u00e9lais. Exprimez votre style unique avec Mc SHIRT d\u00e8s aujourd&#039;hui !\" \/>\n<meta property=\"og:url\" content=\"https:\/\/www.mcshirt.ch\/de\/produkt\/kids-t-shirt-exact-190-express\/\" \/>\n<meta property=\"og:site_name\" content=\"Mc Shirt\" \/>\n<meta property=\"article:modified_time\" content=\"2026-01-12T19:50:36+00:00\" \/>\n<meta property=\"og:image\" content=\"https:\/\/www.mcshirt.ch\/wp-content\/uploads\/2024\/10\/jids90.jpg\" \/>\n\t<meta property=\"og:image:width\" content=\"1000\" \/>\n\t<meta property=\"og:image:height\" content=\"1000\" \/>\n\t<meta property=\"og:image:type\" content=\"image\/jpeg\" \/>\n<meta name=\"twitter:card\" content=\"summary_large_image\" \/>\n<meta name=\"twitter:label1\" content=\"Gesch\u00e4tzte Lesezeit\" \/>\n\t<meta name=\"twitter:data1\" content=\"1\u00a0Minute\" \/>\n<script type=\"application\/ld+json\" class=\"yoast-schema-graph\">{\"@context\":\"https:\/\/schema.org\",\"@graph\":[{\"@type\":\"WebPage\",\"@id\":\"https:\/\/www.mcshirt.ch\/produit\/kids-t-shirt-exact-190-express\/\",\"url\":\"https:\/\/www.mcshirt.ch\/produit\/kids-t-shirt-exact-190-express\/\",\"name\":\"Ladies\u00b4 Long Slub Tee | Personnalisable | Mc SHIRT | Livraison rapide\",\"isPartOf\":{\"@id\":\"https:\/\/www.mcshirt.ch\/#website\"},\"primaryImageOfPage\":{\"@id\":\"https:\/\/www.mcshirt.ch\/produit\/kids-t-shirt-exact-190-express\/#primaryimage\"},\"image\":{\"@id\":\"https:\/\/www.mcshirt.ch\/produit\/kids-t-shirt-exact-190-express\/#primaryimage\"},\"thumbnailUrl\":\"https:\/\/www.mcshirt.ch\/wp-content\/uploads\/2024\/10\/jids90.jpg\",\"datePublished\":\"2024-10-15T08:49:40+00:00\",\"dateModified\":\"2026-01-12T19:50:36+00:00\",\"description\":\"D\u00e9couvrez nos Kids\u00b4 T-Shirt Exact 190 Personnalisable | Mc SHIRT | Livraison rapide pour Enfants, personnalisables selon vos pr\u00e9f\u00e9rences, avec Mc SHIRT. Profitez de notre livraison rapide pour recevoir votre T-Shirt personnalis\u00e9 dans les plus brefs d\u00e9lais. Exprimez votre style unique avec Mc SHIRT d\u00e8s aujourd'hui !\",\"breadcrumb\":{\"@id\":\"https:\/\/www.mcshirt.ch\/produit\/kids-t-shirt-exact-190-express\/#breadcrumb\"},\"inLanguage\":\"de-CH\",\"potentialAction\":[{\"@type\":\"ReadAction\",\"target\":[\"https:\/\/www.mcshirt.ch\/produit\/kids-t-shirt-exact-190-express\/\"]}]},{\"@type\":\"ImageObject\",\"inLanguage\":\"de-CH\",\"@id\":\"https:\/\/www.mcshirt.ch\/produit\/kids-t-shirt-exact-190-express\/#primaryimage\",\"url\":\"https:\/\/www.mcshirt.ch\/wp-content\/uploads\/2024\/10\/jids90.jpg\",\"contentUrl\":\"https:\/\/www.mcshirt.ch\/wp-content\/uploads\/2024\/10\/jids90.jpg\",\"width\":1000,\"height\":1000},{\"@type\":\"BreadcrumbList\",\"@id\":\"https:\/\/www.mcshirt.ch\/produit\/kids-t-shirt-exact-190-express\/#breadcrumb\",\"itemListElement\":[{\"@type\":\"ListItem\",\"position\":1,\"name\":\"Home\",\"item\":\"https:\/\/www.mcshirt.ch\/\"},{\"@type\":\"ListItem\",\"position\":2,\"name\":\"Produits\",\"item\":\"https:\/\/www.mcshirt.ch\/shop\/\"},{\"@type\":\"ListItem\",\"position\":3,\"name\":\"T-shirt Classic Enfant Coton 185 gr EXPRESS\"}]},{\"@type\":\"WebSite\",\"@id\":\"https:\/\/www.mcshirt.ch\/#website\",\"url\":\"https:\/\/www.mcshirt.ch\/\",\"name\":\"Mc Shirt\",\"description\":\"LE SP\u00c9CIALISTE DE LA BRODERIE ET DE L&#039;IMPRESSION DEPUIS 1981\",\"publisher\":{\"@id\":\"https:\/\/www.mcshirt.ch\/#organization\"},\"potentialAction\":[{\"@type\":\"SearchAction\",\"target\":{\"@type\":\"EntryPoint\",\"urlTemplate\":\"https:\/\/www.mcshirt.ch\/?s={search_term_string}\"},\"query-input\":{\"@type\":\"PropertyValueSpecification\",\"valueRequired\":true,\"valueName\":\"search_term_string\"}}],\"inLanguage\":\"de-CH\"},{\"@type\":\"Organization\",\"@id\":\"https:\/\/www.mcshirt.ch\/#organization\",\"name\":\"Mc Shirt\",\"url\":\"https:\/\/www.mcshirt.ch\/\",\"logo\":{\"@type\":\"ImageObject\",\"inLanguage\":\"de-CH\",\"@id\":\"https:\/\/www.mcshirt.ch\/#\/schema\/logo\/image\/\",\"url\":\"https:\/\/www.mcshirt.ch\/wp-content\/uploads\/2023\/11\/655495b7bcbf0.gif\",\"contentUrl\":\"https:\/\/www.mcshirt.ch\/wp-content\/uploads\/2023\/11\/655495b7bcbf0.gif\",\"width\":350,\"height\":100,\"caption\":\"Mc Shirt\"},\"image\":{\"@id\":\"https:\/\/www.mcshirt.ch\/#\/schema\/logo\/image\/\"}}]}<\/script>\n<!-- \/ Yoast SEO plugin. -->","yoast_head_json":{"title":"Ladies\u00b4 Long Slub Tee | Personnalisable | Mc SHIRT | Livraison rapide","description":"D\u00e9couvrez nos Kids\u00b4 T-Shirt Exact 190 Personnalisable | Mc SHIRT | Livraison rapide pour Enfants, personnalisables selon vos pr\u00e9f\u00e9rences, avec Mc SHIRT. Profitez de notre livraison rapide pour recevoir votre T-Shirt personnalis\u00e9 dans les plus brefs d\u00e9lais. Exprimez votre style unique avec Mc SHIRT d\u00e8s aujourd'hui !","robots":{"index":"index","follow":"follow","max-snippet":"max-snippet:-1","max-image-preview":"max-image-preview:large","max-video-preview":"max-video-preview:-1"},"canonical":"https:\/\/www.mcshirt.ch\/de\/produkt\/kids-t-shirt-exact-190-express\/","og_locale":"de_DE","og_type":"article","og_title":"Ladies\u00b4 Long Slub Tee | Personnalisable | Mc SHIRT | Livraison rapide","og_description":"D\u00e9couvrez nos Kids\u00b4 T-Shirt Exact 190 Personnalisable | Mc SHIRT | Livraison rapide pour Enfants, personnalisables selon vos pr\u00e9f\u00e9rences, avec Mc SHIRT. Profitez de notre livraison rapide pour recevoir votre T-Shirt personnalis\u00e9 dans les plus brefs d\u00e9lais. Exprimez votre style unique avec Mc SHIRT d\u00e8s aujourd'hui !","og_url":"https:\/\/www.mcshirt.ch\/de\/produkt\/kids-t-shirt-exact-190-express\/","og_site_name":"Mc Shirt","article_modified_time":"2026-01-12T19:50:36+00:00","og_image":[{"width":1000,"height":1000,"url":"https:\/\/www.mcshirt.ch\/wp-content\/uploads\/2024\/10\/jids90.jpg","type":"image\/jpeg"}],"twitter_card":"summary_large_image","twitter_misc":{"Gesch\u00e4tzte Lesezeit":"1\u00a0Minute"},"schema":{"@context":"https:\/\/schema.org","@graph":[{"@type":"WebPage","@id":"https:\/\/www.mcshirt.ch\/produit\/kids-t-shirt-exact-190-express\/","url":"https:\/\/www.mcshirt.ch\/produit\/kids-t-shirt-exact-190-express\/","name":"Ladies\u00b4 Long Slub Tee | Personnalisable | Mc SHIRT | Livraison rapide","isPartOf":{"@id":"https:\/\/www.mcshirt.ch\/#website"},"primaryImageOfPage":{"@id":"https:\/\/www.mcshirt.ch\/produit\/kids-t-shirt-exact-190-express\/#primaryimage"},"image":{"@id":"https:\/\/www.mcshirt.ch\/produit\/kids-t-shirt-exact-190-express\/#primaryimage"},"thumbnailUrl":"https:\/\/www.mcshirt.ch\/wp-content\/uploads\/2024\/10\/jids90.jpg","datePublished":"2024-10-15T08:49:40+00:00","dateModified":"2026-01-12T19:50:36+00:00","description":"D\u00e9couvrez nos Kids\u00b4 T-Shirt Exact 190 Personnalisable | Mc SHIRT | Livraison rapide pour Enfants, personnalisables selon vos pr\u00e9f\u00e9rences, avec Mc SHIRT. Profitez de notre livraison rapide pour recevoir votre T-Shirt personnalis\u00e9 dans les plus brefs d\u00e9lais. Exprimez votre style unique avec Mc SHIRT d\u00e8s aujourd'hui !","breadcrumb":{"@id":"https:\/\/www.mcshirt.ch\/produit\/kids-t-shirt-exact-190-express\/#breadcrumb"},"inLanguage":"de-CH","potentialAction":[{"@type":"ReadAction","target":["https:\/\/www.mcshirt.ch\/produit\/kids-t-shirt-exact-190-express\/"]}]},{"@type":"ImageObject","inLanguage":"de-CH","@id":"https:\/\/www.mcshirt.ch\/produit\/kids-t-shirt-exact-190-express\/#primaryimage","url":"https:\/\/www.mcshirt.ch\/wp-content\/uploads\/2024\/10\/jids90.jpg","contentUrl":"https:\/\/www.mcshirt.ch\/wp-content\/uploads\/2024\/10\/jids90.jpg","width":1000,"height":1000},{"@type":"BreadcrumbList","@id":"https:\/\/www.mcshirt.ch\/produit\/kids-t-shirt-exact-190-express\/#breadcrumb","itemListElement":[{"@type":"ListItem","position":1,"name":"Home","item":"https:\/\/www.mcshirt.ch\/"},{"@type":"ListItem","position":2,"name":"Produits","item":"https:\/\/www.mcshirt.ch\/shop\/"},{"@type":"ListItem","position":3,"name":"T-shirt Classic Enfant Coton 185 gr EXPRESS"}]},{"@type":"WebSite","@id":"https:\/\/www.mcshirt.ch\/#website","url":"https:\/\/www.mcshirt.ch\/","name":"Mc Shirt","description":"LE SP\u00c9CIALISTE DE LA BRODERIE ET DE L&#039;IMPRESSION DEPUIS 1981","publisher":{"@id":"https:\/\/www.mcshirt.ch\/#organization"},"potentialAction":[{"@type":"SearchAction","target":{"@type":"EntryPoint","urlTemplate":"https:\/\/www.mcshirt.ch\/?s={search_term_string}"},"query-input":{"@type":"PropertyValueSpecification","valueRequired":true,"valueName":"search_term_string"}}],"inLanguage":"de-CH"},{"@type":"Organization","@id":"https:\/\/www.mcshirt.ch\/#organization","name":"Mc Shirt","url":"https:\/\/www.mcshirt.ch\/","logo":{"@type":"ImageObject","inLanguage":"de-CH","@id":"https:\/\/www.mcshirt.ch\/#\/schema\/logo\/image\/","url":"https:\/\/www.mcshirt.ch\/wp-content\/uploads\/2023\/11\/655495b7bcbf0.gif","contentUrl":"https:\/\/www.mcshirt.ch\/wp-content\/uploads\/2023\/11\/655495b7bcbf0.gif","width":350,"height":100,"caption":"Mc Shirt"},"image":{"@id":"https:\/\/www.mcshirt.ch\/#\/schema\/logo\/image\/"}}]}},"_links":{"self":[{"href":"https:\/\/www.mcshirt.ch\/de\/wp-json\/wp\/v2\/product\/40845","targetHints":{"allow":["GET"]}}],"collection":[{"href":"https:\/\/www.mcshirt.ch\/de\/wp-json\/wp\/v2\/product"}],"about":[{"href":"https:\/\/www.mcshirt.ch\/de\/wp-json\/wp\/v2\/types\/product"}],"version-history":[{"count":1,"href":"https:\/\/www.mcshirt.ch\/de\/wp-json\/wp\/v2\/product\/40845\/revisions"}],"predecessor-version":[{"id":46034,"href":"https:\/\/www.mcshirt.ch\/de\/wp-json\/wp\/v2\/product\/40845\/revisions\/46034"}],"wp:featuredmedia":[{"embeddable":true,"href":"https:\/\/www.mcshirt.ch\/de\/wp-json\/wp\/v2\/media\/42656"}],"wp:attachment":[{"href":"https:\/\/www.mcshirt.ch\/de\/wp-json\/wp\/v2\/media?parent=40845"}],"wp:term":[{"taxonomy":"product_brand","embeddable":true,"href":"https:\/\/www.mcshirt.ch\/de\/wp-json\/wp\/v2\/product_brand?post=40845"},{"taxonomy":"product_cat","embeddable":true,"href":"https:\/\/www.mcshirt.ch\/de\/wp-json\/wp\/v2\/product_cat?post=40845"},{"taxonomy":"product_tag","embeddable":true,"href":"https:\/\/www.mcshirt.ch\/de\/wp-json\/wp\/v2\/product_tag?post=40845"}],"curies":[{"name":"wp","href":"https:\/\/api.w.org\/{rel}","templated":true}]}}