{"id":41097,"date":"2024-10-15T11:16:53","date_gmt":"2024-10-15T09:16:53","guid":{"rendered":"https:\/\/mcshirt.texner.ch\/?post_type=product&#038;p=41097"},"modified":"2026-01-12T20:50:43","modified_gmt":"2026-01-12T19:50:43","slug":"women-fitted-stretch-polo-express","status":"publish","type":"product","link":"https:\/\/www.mcshirt.ch\/de\/produit\/women-fitted-stretch-polo-express\/","title":{"rendered":"Frauen Stretch Polo EXPRESS"},"content":{"rendered":"<p><img fetchpriority=\"high\" decoding=\"async\" class=\"alignnone wp-image-39429 size-full\" src=\"https:\/\/www.mcshirt.ch\/wp-content\/uploads\/2024\/06\/PoloRussell_Femme-50200-01.jpg\" alt=\"\" width=\"360\" height=\"223\" srcset=\"https:\/\/www.mcshirt.ch\/wp-content\/uploads\/2024\/06\/PoloRussell_Femme-50200-01.jpg 360w, https:\/\/www.mcshirt.ch\/wp-content\/uploads\/2024\/06\/PoloRussell_Femme-50200-01-300x186.jpg 300w, https:\/\/www.mcshirt.ch\/wp-content\/uploads\/2024\/06\/PoloRussell_Femme-50200-01-18x12.jpg 18w\" sizes=\"(max-width: 360px) 100vw, 360px\" \/><\/p>","protected":false},"excerpt":{"rendered":"<table class=\"attributes table table-striped table-hover\">\n<tbody>\n<tr>\n<th>Zertifikat<\/th>\n<td>V\u00e9g\u00e9talien<\/td>\n<\/tr>\n<tr>\n<th>Grammatur<\/th>\n<td>180 g\/m\u00b2<\/td>\n<\/tr>\n<tr>\n<th>Zusammensetzung<\/th>\n<td>100% coton (Heather Grey: 95% coton \/ 5% viscose)<\/td>\n<\/tr>\n<\/tbody>\n<\/table>","protected":false},"featured_media":42183,"template":"","meta":[],"product_brand":[],"product_cat":[901,208,217,224],"product_tag":[],"class_list":{"0":"post-41097","1":"product","2":"type-product","3":"status-publish","4":"has-post-thumbnail","6":"product_cat-express","7":"product_cat-femme","8":"product_cat-polo","9":"product_cat-textile","11":"first","12":"instock","13":"taxable","14":"shipping-taxable","15":"purchasable","16":"product-type-variable","17":"has-default-attributes","18":"product-type-zakeke","19":"product-type-external"},"yoast_head":"<!-- This site is optimized with the Yoast SEO plugin v26.9 - https:\/\/yoast.com\/product\/yoast-seo-wordpress\/ -->\n<title>Women Fitted Stretch Polo | Personnalisable | Mc SHIRT | Livraison rapide<\/title>\n<meta name=\"description\" content=\"D\u00e9couvrez nos Women Fitted Stretch Polo Personnalisable | Mc SHIRT | Livraison rapide pour Femmes, personnalisables selon vos pr\u00e9f\u00e9rences, avec Mc SHIRT. Profitez de notre livraison rapide pour recevoir votre Polo personnalis\u00e9 dans les plus brefs d\u00e9lais. Exprimez votre style unique avec Mc SHIRT d\u00e8s aujourd&#039;hui !\" \/>\n<meta name=\"robots\" content=\"index, follow, max-snippet:-1, max-image-preview:large, max-video-preview:-1\" \/>\n<link rel=\"canonical\" href=\"https:\/\/www.mcshirt.ch\/de\/produkt\/women-fitted-stretch-polo-express\/\" \/>\n<meta property=\"og:locale\" content=\"de_DE\" \/>\n<meta property=\"og:type\" content=\"article\" \/>\n<meta property=\"og:title\" content=\"Women Fitted Stretch Polo | Personnalisable | Mc SHIRT | Livraison rapide\" \/>\n<meta property=\"og:description\" content=\"D\u00e9couvrez nos Women Fitted Stretch Polo Personnalisable | Mc SHIRT | Livraison rapide pour Femmes, personnalisables selon vos pr\u00e9f\u00e9rences, avec Mc SHIRT. Profitez de notre livraison rapide pour recevoir votre Polo personnalis\u00e9 dans les plus brefs d\u00e9lais. Exprimez votre style unique avec Mc SHIRT d\u00e8s aujourd&#039;hui !\" \/>\n<meta property=\"og:url\" content=\"https:\/\/www.mcshirt.ch\/de\/produkt\/women-fitted-stretch-polo-express\/\" \/>\n<meta property=\"og:site_name\" content=\"Mc Shirt\" \/>\n<meta property=\"article:modified_time\" content=\"2026-01-12T19:50:43+00:00\" \/>\n<meta property=\"og:image\" content=\"https:\/\/www.mcshirt.ch\/wp-content\/uploads\/2024\/10\/R2.png\" \/>\n\t<meta property=\"og:image:width\" content=\"1000\" \/>\n\t<meta property=\"og:image:height\" content=\"1000\" \/>\n\t<meta property=\"og:image:type\" content=\"image\/png\" \/>\n<meta name=\"twitter:card\" content=\"summary_large_image\" \/>\n<meta name=\"twitter:label1\" content=\"Gesch\u00e4tzte Lesezeit\" \/>\n\t<meta name=\"twitter:data1\" content=\"1\u00a0Minute\" \/>\n<script type=\"application\/ld+json\" class=\"yoast-schema-graph\">{\"@context\":\"https:\/\/schema.org\",\"@graph\":[{\"@type\":\"WebPage\",\"@id\":\"https:\/\/www.mcshirt.ch\/produit\/women-fitted-stretch-polo-express\/\",\"url\":\"https:\/\/www.mcshirt.ch\/produit\/women-fitted-stretch-polo-express\/\",\"name\":\"Women Fitted Stretch Polo | Personnalisable | Mc SHIRT | Livraison rapide\",\"isPartOf\":{\"@id\":\"https:\/\/www.mcshirt.ch\/#website\"},\"primaryImageOfPage\":{\"@id\":\"https:\/\/www.mcshirt.ch\/produit\/women-fitted-stretch-polo-express\/#primaryimage\"},\"image\":{\"@id\":\"https:\/\/www.mcshirt.ch\/produit\/women-fitted-stretch-polo-express\/#primaryimage\"},\"thumbnailUrl\":\"https:\/\/www.mcshirt.ch\/wp-content\/uploads\/2024\/10\/R2.png\",\"datePublished\":\"2024-10-15T09:16:53+00:00\",\"dateModified\":\"2026-01-12T19:50:43+00:00\",\"description\":\"D\u00e9couvrez nos Women Fitted Stretch Polo Personnalisable | Mc SHIRT | Livraison rapide pour Femmes, personnalisables selon vos pr\u00e9f\u00e9rences, avec Mc SHIRT. Profitez de notre livraison rapide pour recevoir votre Polo personnalis\u00e9 dans les plus brefs d\u00e9lais. Exprimez votre style unique avec Mc SHIRT d\u00e8s aujourd'hui !\",\"breadcrumb\":{\"@id\":\"https:\/\/www.mcshirt.ch\/produit\/women-fitted-stretch-polo-express\/#breadcrumb\"},\"inLanguage\":\"de-CH\",\"potentialAction\":[{\"@type\":\"ReadAction\",\"target\":[\"https:\/\/www.mcshirt.ch\/produit\/women-fitted-stretch-polo-express\/\"]}]},{\"@type\":\"ImageObject\",\"inLanguage\":\"de-CH\",\"@id\":\"https:\/\/www.mcshirt.ch\/produit\/women-fitted-stretch-polo-express\/#primaryimage\",\"url\":\"https:\/\/www.mcshirt.ch\/wp-content\/uploads\/2024\/10\/R2.png\",\"contentUrl\":\"https:\/\/www.mcshirt.ch\/wp-content\/uploads\/2024\/10\/R2.png\",\"width\":1000,\"height\":1000},{\"@type\":\"BreadcrumbList\",\"@id\":\"https:\/\/www.mcshirt.ch\/produit\/women-fitted-stretch-polo-express\/#breadcrumb\",\"itemListElement\":[{\"@type\":\"ListItem\",\"position\":1,\"name\":\"Home\",\"item\":\"https:\/\/www.mcshirt.ch\/\"},{\"@type\":\"ListItem\",\"position\":2,\"name\":\"Produits\",\"item\":\"https:\/\/www.mcshirt.ch\/shop\/\"},{\"@type\":\"ListItem\",\"position\":3,\"name\":\"Polo piqu\u00e9 Stretch Femme EXPRESS\"}]},{\"@type\":\"WebSite\",\"@id\":\"https:\/\/www.mcshirt.ch\/#website\",\"url\":\"https:\/\/www.mcshirt.ch\/\",\"name\":\"Mc Shirt\",\"description\":\"LE SP\u00c9CIALISTE DE LA BRODERIE ET DE L&#039;IMPRESSION DEPUIS 1981\",\"publisher\":{\"@id\":\"https:\/\/www.mcshirt.ch\/#organization\"},\"potentialAction\":[{\"@type\":\"SearchAction\",\"target\":{\"@type\":\"EntryPoint\",\"urlTemplate\":\"https:\/\/www.mcshirt.ch\/?s={search_term_string}\"},\"query-input\":{\"@type\":\"PropertyValueSpecification\",\"valueRequired\":true,\"valueName\":\"search_term_string\"}}],\"inLanguage\":\"de-CH\"},{\"@type\":\"Organization\",\"@id\":\"https:\/\/www.mcshirt.ch\/#organization\",\"name\":\"Mc Shirt\",\"url\":\"https:\/\/www.mcshirt.ch\/\",\"logo\":{\"@type\":\"ImageObject\",\"inLanguage\":\"de-CH\",\"@id\":\"https:\/\/www.mcshirt.ch\/#\/schema\/logo\/image\/\",\"url\":\"https:\/\/www.mcshirt.ch\/wp-content\/uploads\/2023\/11\/655495b7bcbf0.gif\",\"contentUrl\":\"https:\/\/www.mcshirt.ch\/wp-content\/uploads\/2023\/11\/655495b7bcbf0.gif\",\"width\":350,\"height\":100,\"caption\":\"Mc Shirt\"},\"image\":{\"@id\":\"https:\/\/www.mcshirt.ch\/#\/schema\/logo\/image\/\"}}]}<\/script>\n<!-- \/ Yoast SEO plugin. -->","yoast_head_json":{"title":"Women Fitted Stretch Polo | Personnalisable | Mc SHIRT | Livraison rapide","description":"D\u00e9couvrez nos Women Fitted Stretch Polo Personnalisable | Mc SHIRT | Livraison rapide pour Femmes, personnalisables selon vos pr\u00e9f\u00e9rences, avec Mc SHIRT. Profitez de notre livraison rapide pour recevoir votre Polo personnalis\u00e9 dans les plus brefs d\u00e9lais. Exprimez votre style unique avec Mc SHIRT d\u00e8s aujourd'hui !","robots":{"index":"index","follow":"follow","max-snippet":"max-snippet:-1","max-image-preview":"max-image-preview:large","max-video-preview":"max-video-preview:-1"},"canonical":"https:\/\/www.mcshirt.ch\/de\/produkt\/women-fitted-stretch-polo-express\/","og_locale":"de_DE","og_type":"article","og_title":"Women Fitted Stretch Polo | Personnalisable | Mc SHIRT | Livraison rapide","og_description":"D\u00e9couvrez nos Women Fitted Stretch Polo Personnalisable | Mc SHIRT | Livraison rapide pour Femmes, personnalisables selon vos pr\u00e9f\u00e9rences, avec Mc SHIRT. Profitez de notre livraison rapide pour recevoir votre Polo personnalis\u00e9 dans les plus brefs d\u00e9lais. Exprimez votre style unique avec Mc SHIRT d\u00e8s aujourd'hui !","og_url":"https:\/\/www.mcshirt.ch\/de\/produkt\/women-fitted-stretch-polo-express\/","og_site_name":"Mc Shirt","article_modified_time":"2026-01-12T19:50:43+00:00","og_image":[{"width":1000,"height":1000,"url":"https:\/\/www.mcshirt.ch\/wp-content\/uploads\/2024\/10\/R2.png","type":"image\/png"}],"twitter_card":"summary_large_image","twitter_misc":{"Gesch\u00e4tzte Lesezeit":"1\u00a0Minute"},"schema":{"@context":"https:\/\/schema.org","@graph":[{"@type":"WebPage","@id":"https:\/\/www.mcshirt.ch\/produit\/women-fitted-stretch-polo-express\/","url":"https:\/\/www.mcshirt.ch\/produit\/women-fitted-stretch-polo-express\/","name":"Women Fitted Stretch Polo | Personnalisable | Mc SHIRT | Livraison rapide","isPartOf":{"@id":"https:\/\/www.mcshirt.ch\/#website"},"primaryImageOfPage":{"@id":"https:\/\/www.mcshirt.ch\/produit\/women-fitted-stretch-polo-express\/#primaryimage"},"image":{"@id":"https:\/\/www.mcshirt.ch\/produit\/women-fitted-stretch-polo-express\/#primaryimage"},"thumbnailUrl":"https:\/\/www.mcshirt.ch\/wp-content\/uploads\/2024\/10\/R2.png","datePublished":"2024-10-15T09:16:53+00:00","dateModified":"2026-01-12T19:50:43+00:00","description":"D\u00e9couvrez nos Women Fitted Stretch Polo Personnalisable | Mc SHIRT | Livraison rapide pour Femmes, personnalisables selon vos pr\u00e9f\u00e9rences, avec Mc SHIRT. Profitez de notre livraison rapide pour recevoir votre Polo personnalis\u00e9 dans les plus brefs d\u00e9lais. Exprimez votre style unique avec Mc SHIRT d\u00e8s aujourd'hui !","breadcrumb":{"@id":"https:\/\/www.mcshirt.ch\/produit\/women-fitted-stretch-polo-express\/#breadcrumb"},"inLanguage":"de-CH","potentialAction":[{"@type":"ReadAction","target":["https:\/\/www.mcshirt.ch\/produit\/women-fitted-stretch-polo-express\/"]}]},{"@type":"ImageObject","inLanguage":"de-CH","@id":"https:\/\/www.mcshirt.ch\/produit\/women-fitted-stretch-polo-express\/#primaryimage","url":"https:\/\/www.mcshirt.ch\/wp-content\/uploads\/2024\/10\/R2.png","contentUrl":"https:\/\/www.mcshirt.ch\/wp-content\/uploads\/2024\/10\/R2.png","width":1000,"height":1000},{"@type":"BreadcrumbList","@id":"https:\/\/www.mcshirt.ch\/produit\/women-fitted-stretch-polo-express\/#breadcrumb","itemListElement":[{"@type":"ListItem","position":1,"name":"Home","item":"https:\/\/www.mcshirt.ch\/"},{"@type":"ListItem","position":2,"name":"Produits","item":"https:\/\/www.mcshirt.ch\/shop\/"},{"@type":"ListItem","position":3,"name":"Polo piqu\u00e9 Stretch Femme EXPRESS"}]},{"@type":"WebSite","@id":"https:\/\/www.mcshirt.ch\/#website","url":"https:\/\/www.mcshirt.ch\/","name":"Mc Shirt","description":"LE SP\u00c9CIALISTE DE LA BRODERIE ET DE L&#039;IMPRESSION DEPUIS 1981","publisher":{"@id":"https:\/\/www.mcshirt.ch\/#organization"},"potentialAction":[{"@type":"SearchAction","target":{"@type":"EntryPoint","urlTemplate":"https:\/\/www.mcshirt.ch\/?s={search_term_string}"},"query-input":{"@type":"PropertyValueSpecification","valueRequired":true,"valueName":"search_term_string"}}],"inLanguage":"de-CH"},{"@type":"Organization","@id":"https:\/\/www.mcshirt.ch\/#organization","name":"Mc Shirt","url":"https:\/\/www.mcshirt.ch\/","logo":{"@type":"ImageObject","inLanguage":"de-CH","@id":"https:\/\/www.mcshirt.ch\/#\/schema\/logo\/image\/","url":"https:\/\/www.mcshirt.ch\/wp-content\/uploads\/2023\/11\/655495b7bcbf0.gif","contentUrl":"https:\/\/www.mcshirt.ch\/wp-content\/uploads\/2023\/11\/655495b7bcbf0.gif","width":350,"height":100,"caption":"Mc Shirt"},"image":{"@id":"https:\/\/www.mcshirt.ch\/#\/schema\/logo\/image\/"}}]}},"_links":{"self":[{"href":"https:\/\/www.mcshirt.ch\/de\/wp-json\/wp\/v2\/product\/41097","targetHints":{"allow":["GET"]}}],"collection":[{"href":"https:\/\/www.mcshirt.ch\/de\/wp-json\/wp\/v2\/product"}],"about":[{"href":"https:\/\/www.mcshirt.ch\/de\/wp-json\/wp\/v2\/types\/product"}],"version-history":[{"count":1,"href":"https:\/\/www.mcshirt.ch\/de\/wp-json\/wp\/v2\/product\/41097\/revisions"}],"predecessor-version":[{"id":46045,"href":"https:\/\/www.mcshirt.ch\/de\/wp-json\/wp\/v2\/product\/41097\/revisions\/46045"}],"wp:featuredmedia":[{"embeddable":true,"href":"https:\/\/www.mcshirt.ch\/de\/wp-json\/wp\/v2\/media\/42183"}],"wp:attachment":[{"href":"https:\/\/www.mcshirt.ch\/de\/wp-json\/wp\/v2\/media?parent=41097"}],"wp:term":[{"taxonomy":"product_brand","embeddable":true,"href":"https:\/\/www.mcshirt.ch\/de\/wp-json\/wp\/v2\/product_brand?post=41097"},{"taxonomy":"product_cat","embeddable":true,"href":"https:\/\/www.mcshirt.ch\/de\/wp-json\/wp\/v2\/product_cat?post=41097"},{"taxonomy":"product_tag","embeddable":true,"href":"https:\/\/www.mcshirt.ch\/de\/wp-json\/wp\/v2\/product_tag?post=41097"}],"curies":[{"name":"wp","href":"https:\/\/api.w.org\/{rel}","templated":true}]}}