{"id":41176,"date":"2024-10-15T11:23:02","date_gmt":"2024-10-15T09:23:02","guid":{"rendered":"https:\/\/mcshirt.texner.ch\/?post_type=product&#038;p=41176"},"modified":"2026-01-12T20:50:27","modified_gmt":"2026-01-12T19:50:27","slug":"mens-authentic-hooded-sweat-express","status":"publish","type":"product","link":"https:\/\/www.mcshirt.ch\/de\/produit\/mens-authentic-hooded-sweat-express\/","title":{"rendered":"Hoodie EXPRESS"},"content":{"rendered":"<p>&nbsp;<\/p>\n<p><img fetchpriority=\"high\" decoding=\"async\" class=\"alignnone wp-image-35621\" src=\"https:\/\/www.mcshirt.ch\/wp-content\/uploads\/2024\/05\/Hooded_265.00-01.jpg\" alt=\"\" width=\"608\" height=\"322\" srcset=\"https:\/\/www.mcshirt.ch\/wp-content\/uploads\/2024\/05\/Hooded_265.00-01.jpg 378w, https:\/\/www.mcshirt.ch\/wp-content\/uploads\/2024\/05\/Hooded_265.00-01-300x159.jpg 300w, https:\/\/www.mcshirt.ch\/wp-content\/uploads\/2024\/05\/Hooded_265.00-01-18x10.jpg 18w\" sizes=\"(max-width: 608px) 100vw, 608px\" \/><\/p>","protected":false},"excerpt":{"rendered":"<table class=\"attributes table table-striped table-hover\">\n<tbody>\n<tr>\n<th>Zertifikat<\/th>\n<td>Fair Working Conditions<br \/>\nOeko-Tex 100<\/td>\n<\/tr>\n<tr>\n<th>Grammatur<\/th>\n<td>280 g\/m\u00b2<\/td>\n<\/tr>\n<tr>\n<th>Zusammensetzung<\/th>\n<td>80% coton \/ 20% polyester, Tissu ext\u00e9rieur: 100% coton<\/td>\n<\/tr>\n<\/tbody>\n<\/table>","protected":false},"featured_media":42184,"template":"","meta":[],"product_brand":[],"product_cat":[901,209,213,224],"product_tag":[],"class_list":{"0":"post-41176","1":"product","2":"type-product","3":"status-publish","4":"has-post-thumbnail","6":"product_cat-express","7":"product_cat-homme","8":"product_cat-sweatshirt","9":"product_cat-textile","11":"first","12":"instock","13":"taxable","14":"shipping-taxable","15":"purchasable","16":"product-type-variable","17":"has-default-attributes","18":"product-type-zakeke","19":"product-type-external"},"yoast_head":"<!-- This site is optimized with the Yoast SEO plugin v26.9 - https:\/\/yoast.com\/product\/yoast-seo-wordpress\/ -->\n<title>Men\u00b4s Authentic Hooded Sweat | Personnalisable | Mc SHIRT | Livraison rapide<\/title>\n<meta name=\"description\" content=\"D\u00e9couvrez nos Authentic Hooded Sweat pour hommes, personnalisables selon vos pr\u00e9f\u00e9rences, avec Mc SHIRT. Profitez de notre livraison rapide pour recevoir votre Sweat personnalis\u00e9 dans les plus brefs d\u00e9lais. Exprimez votre style unique avec Mc SHIRT d\u00e8s aujourd&#039;hui !\" \/>\n<meta name=\"robots\" content=\"index, follow, max-snippet:-1, max-image-preview:large, max-video-preview:-1\" \/>\n<link rel=\"canonical\" href=\"https:\/\/www.mcshirt.ch\/de\/produkt\/mens-authentic-hooded-sweat-express\/\" \/>\n<meta property=\"og:locale\" content=\"de_DE\" \/>\n<meta property=\"og:type\" content=\"article\" \/>\n<meta property=\"og:title\" content=\"Men\u00b4s Authentic Hooded Sweat | Personnalisable | Mc SHIRT | Livraison rapide\" \/>\n<meta property=\"og:description\" content=\"D\u00e9couvrez nos Authentic Hooded Sweat pour hommes, personnalisables selon vos pr\u00e9f\u00e9rences, avec Mc SHIRT. Profitez de notre livraison rapide pour recevoir votre Sweat personnalis\u00e9 dans les plus brefs d\u00e9lais. Exprimez votre style unique avec Mc SHIRT d\u00e8s aujourd&#039;hui !\" \/>\n<meta property=\"og:url\" content=\"https:\/\/www.mcshirt.ch\/de\/produkt\/mens-authentic-hooded-sweat-express\/\" \/>\n<meta property=\"og:site_name\" content=\"Mc Shirt\" \/>\n<meta property=\"article:modified_time\" content=\"2026-01-12T19:50:27+00:00\" \/>\n<meta property=\"og:image\" content=\"https:\/\/www.mcshirt.ch\/wp-content\/uploads\/2024\/10\/R3.png\" \/>\n\t<meta property=\"og:image:width\" content=\"1000\" \/>\n\t<meta property=\"og:image:height\" content=\"1000\" \/>\n\t<meta property=\"og:image:type\" content=\"image\/png\" \/>\n<meta name=\"twitter:card\" content=\"summary_large_image\" \/>\n<meta name=\"twitter:label1\" content=\"Gesch\u00e4tzte Lesezeit\" \/>\n\t<meta name=\"twitter:data1\" content=\"1\u00a0Minute\" \/>\n<script type=\"application\/ld+json\" class=\"yoast-schema-graph\">{\"@context\":\"https:\/\/schema.org\",\"@graph\":[{\"@type\":\"WebPage\",\"@id\":\"https:\/\/www.mcshirt.ch\/produit\/mens-authentic-hooded-sweat-express\/\",\"url\":\"https:\/\/www.mcshirt.ch\/produit\/mens-authentic-hooded-sweat-express\/\",\"name\":\"Men\u00b4s Authentic Hooded Sweat | Personnalisable | Mc SHIRT | Livraison rapide\",\"isPartOf\":{\"@id\":\"https:\/\/www.mcshirt.ch\/#website\"},\"primaryImageOfPage\":{\"@id\":\"https:\/\/www.mcshirt.ch\/produit\/mens-authentic-hooded-sweat-express\/#primaryimage\"},\"image\":{\"@id\":\"https:\/\/www.mcshirt.ch\/produit\/mens-authentic-hooded-sweat-express\/#primaryimage\"},\"thumbnailUrl\":\"https:\/\/www.mcshirt.ch\/wp-content\/uploads\/2024\/10\/R3.png\",\"datePublished\":\"2024-10-15T09:23:02+00:00\",\"dateModified\":\"2026-01-12T19:50:27+00:00\",\"description\":\"D\u00e9couvrez nos Authentic Hooded Sweat pour hommes, personnalisables selon vos pr\u00e9f\u00e9rences, avec Mc SHIRT. Profitez de notre livraison rapide pour recevoir votre Sweat personnalis\u00e9 dans les plus brefs d\u00e9lais. Exprimez votre style unique avec Mc SHIRT d\u00e8s aujourd'hui !\",\"breadcrumb\":{\"@id\":\"https:\/\/www.mcshirt.ch\/produit\/mens-authentic-hooded-sweat-express\/#breadcrumb\"},\"inLanguage\":\"de-CH\",\"potentialAction\":[{\"@type\":\"ReadAction\",\"target\":[\"https:\/\/www.mcshirt.ch\/produit\/mens-authentic-hooded-sweat-express\/\"]}]},{\"@type\":\"ImageObject\",\"inLanguage\":\"de-CH\",\"@id\":\"https:\/\/www.mcshirt.ch\/produit\/mens-authentic-hooded-sweat-express\/#primaryimage\",\"url\":\"https:\/\/www.mcshirt.ch\/wp-content\/uploads\/2024\/10\/R3.png\",\"contentUrl\":\"https:\/\/www.mcshirt.ch\/wp-content\/uploads\/2024\/10\/R3.png\",\"width\":1000,\"height\":1000},{\"@type\":\"BreadcrumbList\",\"@id\":\"https:\/\/www.mcshirt.ch\/produit\/mens-authentic-hooded-sweat-express\/#breadcrumb\",\"itemListElement\":[{\"@type\":\"ListItem\",\"position\":1,\"name\":\"Home\",\"item\":\"https:\/\/www.mcshirt.ch\/\"},{\"@type\":\"ListItem\",\"position\":2,\"name\":\"Produits\",\"item\":\"https:\/\/www.mcshirt.ch\/shop\/\"},{\"@type\":\"ListItem\",\"position\":3,\"name\":\"Hoodie Classique Homme EXPRESS\"}]},{\"@type\":\"WebSite\",\"@id\":\"https:\/\/www.mcshirt.ch\/#website\",\"url\":\"https:\/\/www.mcshirt.ch\/\",\"name\":\"Mc Shirt\",\"description\":\"LE SP\u00c9CIALISTE DE LA BRODERIE ET DE L&#039;IMPRESSION DEPUIS 1981\",\"publisher\":{\"@id\":\"https:\/\/www.mcshirt.ch\/#organization\"},\"potentialAction\":[{\"@type\":\"SearchAction\",\"target\":{\"@type\":\"EntryPoint\",\"urlTemplate\":\"https:\/\/www.mcshirt.ch\/?s={search_term_string}\"},\"query-input\":{\"@type\":\"PropertyValueSpecification\",\"valueRequired\":true,\"valueName\":\"search_term_string\"}}],\"inLanguage\":\"de-CH\"},{\"@type\":\"Organization\",\"@id\":\"https:\/\/www.mcshirt.ch\/#organization\",\"name\":\"Mc Shirt\",\"url\":\"https:\/\/www.mcshirt.ch\/\",\"logo\":{\"@type\":\"ImageObject\",\"inLanguage\":\"de-CH\",\"@id\":\"https:\/\/www.mcshirt.ch\/#\/schema\/logo\/image\/\",\"url\":\"https:\/\/www.mcshirt.ch\/wp-content\/uploads\/2023\/11\/655495b7bcbf0.gif\",\"contentUrl\":\"https:\/\/www.mcshirt.ch\/wp-content\/uploads\/2023\/11\/655495b7bcbf0.gif\",\"width\":350,\"height\":100,\"caption\":\"Mc Shirt\"},\"image\":{\"@id\":\"https:\/\/www.mcshirt.ch\/#\/schema\/logo\/image\/\"}}]}<\/script>\n<!-- \/ Yoast SEO plugin. -->","yoast_head_json":{"title":"Men\u00b4s Authentic Hooded Sweat | Personnalisable | Mc SHIRT | Livraison rapide","description":"D\u00e9couvrez nos Authentic Hooded Sweat pour hommes, personnalisables selon vos pr\u00e9f\u00e9rences, avec Mc SHIRT. Profitez de notre livraison rapide pour recevoir votre Sweat personnalis\u00e9 dans les plus brefs d\u00e9lais. Exprimez votre style unique avec Mc SHIRT d\u00e8s aujourd'hui !","robots":{"index":"index","follow":"follow","max-snippet":"max-snippet:-1","max-image-preview":"max-image-preview:large","max-video-preview":"max-video-preview:-1"},"canonical":"https:\/\/www.mcshirt.ch\/de\/produkt\/mens-authentic-hooded-sweat-express\/","og_locale":"de_DE","og_type":"article","og_title":"Men\u00b4s Authentic Hooded Sweat | Personnalisable | Mc SHIRT | Livraison rapide","og_description":"D\u00e9couvrez nos Authentic Hooded Sweat pour hommes, personnalisables selon vos pr\u00e9f\u00e9rences, avec Mc SHIRT. Profitez de notre livraison rapide pour recevoir votre Sweat personnalis\u00e9 dans les plus brefs d\u00e9lais. Exprimez votre style unique avec Mc SHIRT d\u00e8s aujourd'hui !","og_url":"https:\/\/www.mcshirt.ch\/de\/produkt\/mens-authentic-hooded-sweat-express\/","og_site_name":"Mc Shirt","article_modified_time":"2026-01-12T19:50:27+00:00","og_image":[{"width":1000,"height":1000,"url":"https:\/\/www.mcshirt.ch\/wp-content\/uploads\/2024\/10\/R3.png","type":"image\/png"}],"twitter_card":"summary_large_image","twitter_misc":{"Gesch\u00e4tzte Lesezeit":"1\u00a0Minute"},"schema":{"@context":"https:\/\/schema.org","@graph":[{"@type":"WebPage","@id":"https:\/\/www.mcshirt.ch\/produit\/mens-authentic-hooded-sweat-express\/","url":"https:\/\/www.mcshirt.ch\/produit\/mens-authentic-hooded-sweat-express\/","name":"Men\u00b4s Authentic Hooded Sweat | Personnalisable | Mc SHIRT | Livraison rapide","isPartOf":{"@id":"https:\/\/www.mcshirt.ch\/#website"},"primaryImageOfPage":{"@id":"https:\/\/www.mcshirt.ch\/produit\/mens-authentic-hooded-sweat-express\/#primaryimage"},"image":{"@id":"https:\/\/www.mcshirt.ch\/produit\/mens-authentic-hooded-sweat-express\/#primaryimage"},"thumbnailUrl":"https:\/\/www.mcshirt.ch\/wp-content\/uploads\/2024\/10\/R3.png","datePublished":"2024-10-15T09:23:02+00:00","dateModified":"2026-01-12T19:50:27+00:00","description":"D\u00e9couvrez nos Authentic Hooded Sweat pour hommes, personnalisables selon vos pr\u00e9f\u00e9rences, avec Mc SHIRT. Profitez de notre livraison rapide pour recevoir votre Sweat personnalis\u00e9 dans les plus brefs d\u00e9lais. Exprimez votre style unique avec Mc SHIRT d\u00e8s aujourd'hui !","breadcrumb":{"@id":"https:\/\/www.mcshirt.ch\/produit\/mens-authentic-hooded-sweat-express\/#breadcrumb"},"inLanguage":"de-CH","potentialAction":[{"@type":"ReadAction","target":["https:\/\/www.mcshirt.ch\/produit\/mens-authentic-hooded-sweat-express\/"]}]},{"@type":"ImageObject","inLanguage":"de-CH","@id":"https:\/\/www.mcshirt.ch\/produit\/mens-authentic-hooded-sweat-express\/#primaryimage","url":"https:\/\/www.mcshirt.ch\/wp-content\/uploads\/2024\/10\/R3.png","contentUrl":"https:\/\/www.mcshirt.ch\/wp-content\/uploads\/2024\/10\/R3.png","width":1000,"height":1000},{"@type":"BreadcrumbList","@id":"https:\/\/www.mcshirt.ch\/produit\/mens-authentic-hooded-sweat-express\/#breadcrumb","itemListElement":[{"@type":"ListItem","position":1,"name":"Home","item":"https:\/\/www.mcshirt.ch\/"},{"@type":"ListItem","position":2,"name":"Produits","item":"https:\/\/www.mcshirt.ch\/shop\/"},{"@type":"ListItem","position":3,"name":"Hoodie Classique Homme EXPRESS"}]},{"@type":"WebSite","@id":"https:\/\/www.mcshirt.ch\/#website","url":"https:\/\/www.mcshirt.ch\/","name":"Mc Shirt","description":"LE SP\u00c9CIALISTE DE LA BRODERIE ET DE L&#039;IMPRESSION DEPUIS 1981","publisher":{"@id":"https:\/\/www.mcshirt.ch\/#organization"},"potentialAction":[{"@type":"SearchAction","target":{"@type":"EntryPoint","urlTemplate":"https:\/\/www.mcshirt.ch\/?s={search_term_string}"},"query-input":{"@type":"PropertyValueSpecification","valueRequired":true,"valueName":"search_term_string"}}],"inLanguage":"de-CH"},{"@type":"Organization","@id":"https:\/\/www.mcshirt.ch\/#organization","name":"Mc Shirt","url":"https:\/\/www.mcshirt.ch\/","logo":{"@type":"ImageObject","inLanguage":"de-CH","@id":"https:\/\/www.mcshirt.ch\/#\/schema\/logo\/image\/","url":"https:\/\/www.mcshirt.ch\/wp-content\/uploads\/2023\/11\/655495b7bcbf0.gif","contentUrl":"https:\/\/www.mcshirt.ch\/wp-content\/uploads\/2023\/11\/655495b7bcbf0.gif","width":350,"height":100,"caption":"Mc Shirt"},"image":{"@id":"https:\/\/www.mcshirt.ch\/#\/schema\/logo\/image\/"}}]}},"_links":{"self":[{"href":"https:\/\/www.mcshirt.ch\/de\/wp-json\/wp\/v2\/product\/41176","targetHints":{"allow":["GET"]}}],"collection":[{"href":"https:\/\/www.mcshirt.ch\/de\/wp-json\/wp\/v2\/product"}],"about":[{"href":"https:\/\/www.mcshirt.ch\/de\/wp-json\/wp\/v2\/types\/product"}],"version-history":[{"count":1,"href":"https:\/\/www.mcshirt.ch\/de\/wp-json\/wp\/v2\/product\/41176\/revisions"}],"predecessor-version":[{"id":44303,"href":"https:\/\/www.mcshirt.ch\/de\/wp-json\/wp\/v2\/product\/41176\/revisions\/44303"}],"wp:featuredmedia":[{"embeddable":true,"href":"https:\/\/www.mcshirt.ch\/de\/wp-json\/wp\/v2\/media\/42184"}],"wp:attachment":[{"href":"https:\/\/www.mcshirt.ch\/de\/wp-json\/wp\/v2\/media?parent=41176"}],"wp:term":[{"taxonomy":"product_brand","embeddable":true,"href":"https:\/\/www.mcshirt.ch\/de\/wp-json\/wp\/v2\/product_brand?post=41176"},{"taxonomy":"product_cat","embeddable":true,"href":"https:\/\/www.mcshirt.ch\/de\/wp-json\/wp\/v2\/product_cat?post=41176"},{"taxonomy":"product_tag","embeddable":true,"href":"https:\/\/www.mcshirt.ch\/de\/wp-json\/wp\/v2\/product_tag?post=41176"}],"curies":[{"name":"wp","href":"https:\/\/api.w.org\/{rel}","templated":true}]}}