{"id":44093,"date":"2025-11-14T16:57:59","date_gmt":"2025-11-14T15:57:59","guid":{"rendered":"https:\/\/www.mcshirt.ch\/?post_type=product&#038;p=44093"},"modified":"2026-01-12T18:42:52","modified_gmt":"2026-01-12T17:42:52","slug":"chemise-m-courtes-classique-femme","status":"publish","type":"product","link":"https:\/\/www.mcshirt.ch\/de\/produit\/chemise-m-courtes-classique-femme\/","title":{"rendered":"Frauen Kurzarm-Hemd"},"content":{"rendered":"<p>&nbsp;<\/p>\n<p><img fetchpriority=\"high\" decoding=\"async\" class=\"alignnone wp-image-44155\" src=\"https:\/\/www.mcshirt.ch\/wp-content\/uploads\/2025\/11\/933F.jpg\" alt=\"\" width=\"624\" height=\"197\" srcset=\"https:\/\/www.mcshirt.ch\/wp-content\/uploads\/2025\/11\/933F.jpg 1388w, https:\/\/www.mcshirt.ch\/wp-content\/uploads\/2025\/11\/933F-300x95.jpg 300w, https:\/\/www.mcshirt.ch\/wp-content\/uploads\/2025\/11\/933F-1024x324.jpg 1024w, https:\/\/www.mcshirt.ch\/wp-content\/uploads\/2025\/11\/933F-768x243.jpg 768w, https:\/\/www.mcshirt.ch\/wp-content\/uploads\/2025\/11\/933F-18x6.jpg 18w, https:\/\/www.mcshirt.ch\/wp-content\/uploads\/2025\/11\/933F-600x190.jpg 600w\" sizes=\"(max-width: 624px) 100vw, 624px\" \/><\/p>","protected":false},"excerpt":{"rendered":"<table class=\"attributes table table-striped table-hover\">\n<tbody>\n<tr>\n<th>Zertifikat<\/th>\n<td>Fair Working Conditions<br \/>\nOeko-Tex 100<\/td>\n<\/tr>\n<tr>\n<th>Grammatur<\/th>\n<td>135 g\/m\u00b2 (White: 130 g\/m\u00b2)<\/td>\n<\/tr>\n<tr>\n<th>Zusammensetzung<\/th>\n<td>70% coton \/ 30% polyester<\/td>\n<\/tr>\n<\/tbody>\n<\/table>","protected":false},"featured_media":44158,"template":"","meta":[],"product_brand":[328],"product_cat":[208,220,224],"product_tag":[],"class_list":{"0":"post-44093","1":"product","2":"type-product","3":"status-publish","4":"has-post-thumbnail","6":"product_brand-russell","7":"product_cat-femme","8":"product_cat-chemise-femme","9":"product_cat-textile","11":"first","12":"instock","13":"taxable","14":"shipping-taxable","15":"purchasable","16":"product-type-variable","17":"has-default-attributes","18":"product-type-zakeke","19":"product-type-external"},"yoast_head":"<!-- This site is optimized with the Yoast SEO plugin v26.9 - https:\/\/yoast.com\/product\/yoast-seo-wordpress\/ -->\n<title>Short Sleeve Classic Oxford Shirt| Personnalisable | Mc SHIRT | Livraison rapide<\/title>\n<meta name=\"description\" content=\"D\u00e9couvrez nos Short Sleeve Classic Oxford Shirt pour hommes, personnalisables selon vos pr\u00e9f\u00e9rences, avec Mc SHIRT. Profitez de notre livraison rapide pour recevoir votre Chemise personnalis\u00e9 dans les plus brefs d\u00e9lais. Exprimez votre style unique avec Mc SHIRT d\u00e8s aujourd&#039;hui !\" \/>\n<meta name=\"robots\" content=\"index, follow, max-snippet:-1, max-image-preview:large, max-video-preview:-1\" \/>\n<link rel=\"canonical\" href=\"https:\/\/www.mcshirt.ch\/de\/produkt\/chemise-m-courtes-classique-femme\/\" \/>\n<meta property=\"og:locale\" content=\"de_DE\" \/>\n<meta property=\"og:type\" content=\"article\" \/>\n<meta property=\"og:title\" content=\"Short Sleeve Classic Oxford Shirt| Personnalisable | Mc SHIRT | Livraison rapide\" \/>\n<meta property=\"og:description\" content=\"D\u00e9couvrez nos Short Sleeve Classic Oxford Shirt pour hommes, personnalisables selon vos pr\u00e9f\u00e9rences, avec Mc SHIRT. Profitez de notre livraison rapide pour recevoir votre Chemise personnalis\u00e9 dans les plus brefs d\u00e9lais. Exprimez votre style unique avec Mc SHIRT d\u00e8s aujourd&#039;hui !\" \/>\n<meta property=\"og:url\" content=\"https:\/\/www.mcshirt.ch\/de\/produkt\/chemise-m-courtes-classique-femme\/\" \/>\n<meta property=\"og:site_name\" content=\"Mc Shirt\" \/>\n<meta property=\"article:modified_time\" content=\"2026-01-12T17:42:52+00:00\" \/>\n<meta property=\"og:image\" content=\"https:\/\/www.mcshirt.ch\/wp-content\/uploads\/2025\/11\/435041-1.jpg\" \/>\n\t<meta property=\"og:image:width\" content=\"420\" \/>\n\t<meta property=\"og:image:height\" content=\"540\" \/>\n\t<meta property=\"og:image:type\" content=\"image\/jpeg\" \/>\n<meta name=\"twitter:card\" content=\"summary_large_image\" \/>\n<meta name=\"twitter:label1\" content=\"Gesch\u00e4tzte Lesezeit\" \/>\n\t<meta name=\"twitter:data1\" content=\"1\u00a0Minute\" \/>\n<script type=\"application\/ld+json\" class=\"yoast-schema-graph\">{\"@context\":\"https:\/\/schema.org\",\"@graph\":[{\"@type\":\"WebPage\",\"@id\":\"https:\/\/www.mcshirt.ch\/produit\/chemise-m-courtes-classique-femme\/\",\"url\":\"https:\/\/www.mcshirt.ch\/produit\/chemise-m-courtes-classique-femme\/\",\"name\":\"Short Sleeve Classic Oxford Shirt| Personnalisable | Mc SHIRT | Livraison rapide\",\"isPartOf\":{\"@id\":\"https:\/\/www.mcshirt.ch\/#website\"},\"primaryImageOfPage\":{\"@id\":\"https:\/\/www.mcshirt.ch\/produit\/chemise-m-courtes-classique-femme\/#primaryimage\"},\"image\":{\"@id\":\"https:\/\/www.mcshirt.ch\/produit\/chemise-m-courtes-classique-femme\/#primaryimage\"},\"thumbnailUrl\":\"https:\/\/www.mcshirt.ch\/wp-content\/uploads\/2025\/11\/435041-1.jpg\",\"datePublished\":\"2025-11-14T15:57:59+00:00\",\"dateModified\":\"2026-01-12T17:42:52+00:00\",\"description\":\"D\u00e9couvrez nos Short Sleeve Classic Oxford Shirt pour hommes, personnalisables selon vos pr\u00e9f\u00e9rences, avec Mc SHIRT. Profitez de notre livraison rapide pour recevoir votre Chemise personnalis\u00e9 dans les plus brefs d\u00e9lais. Exprimez votre style unique avec Mc SHIRT d\u00e8s aujourd'hui !\",\"breadcrumb\":{\"@id\":\"https:\/\/www.mcshirt.ch\/produit\/chemise-m-courtes-classique-femme\/#breadcrumb\"},\"inLanguage\":\"de-CH\",\"potentialAction\":[{\"@type\":\"ReadAction\",\"target\":[\"https:\/\/www.mcshirt.ch\/produit\/chemise-m-courtes-classique-femme\/\"]}]},{\"@type\":\"ImageObject\",\"inLanguage\":\"de-CH\",\"@id\":\"https:\/\/www.mcshirt.ch\/produit\/chemise-m-courtes-classique-femme\/#primaryimage\",\"url\":\"https:\/\/www.mcshirt.ch\/wp-content\/uploads\/2025\/11\/435041-1.jpg\",\"contentUrl\":\"https:\/\/www.mcshirt.ch\/wp-content\/uploads\/2025\/11\/435041-1.jpg\",\"width\":420,\"height\":540},{\"@type\":\"BreadcrumbList\",\"@id\":\"https:\/\/www.mcshirt.ch\/produit\/chemise-m-courtes-classique-femme\/#breadcrumb\",\"itemListElement\":[{\"@type\":\"ListItem\",\"position\":1,\"name\":\"Home\",\"item\":\"https:\/\/www.mcshirt.ch\/\"},{\"@type\":\"ListItem\",\"position\":2,\"name\":\"Produits\",\"item\":\"https:\/\/www.mcshirt.ch\/shop\/\"},{\"@type\":\"ListItem\",\"position\":3,\"name\":\"Chemise m. courtes Classique Femme\"}]},{\"@type\":\"WebSite\",\"@id\":\"https:\/\/www.mcshirt.ch\/#website\",\"url\":\"https:\/\/www.mcshirt.ch\/\",\"name\":\"Mc Shirt\",\"description\":\"LE SP\u00c9CIALISTE DE LA BRODERIE ET DE L&#039;IMPRESSION DEPUIS 1981\",\"publisher\":{\"@id\":\"https:\/\/www.mcshirt.ch\/#organization\"},\"potentialAction\":[{\"@type\":\"SearchAction\",\"target\":{\"@type\":\"EntryPoint\",\"urlTemplate\":\"https:\/\/www.mcshirt.ch\/?s={search_term_string}\"},\"query-input\":{\"@type\":\"PropertyValueSpecification\",\"valueRequired\":true,\"valueName\":\"search_term_string\"}}],\"inLanguage\":\"de-CH\"},{\"@type\":\"Organization\",\"@id\":\"https:\/\/www.mcshirt.ch\/#organization\",\"name\":\"Mc Shirt\",\"url\":\"https:\/\/www.mcshirt.ch\/\",\"logo\":{\"@type\":\"ImageObject\",\"inLanguage\":\"de-CH\",\"@id\":\"https:\/\/www.mcshirt.ch\/#\/schema\/logo\/image\/\",\"url\":\"https:\/\/www.mcshirt.ch\/wp-content\/uploads\/2023\/11\/655495b7bcbf0.gif\",\"contentUrl\":\"https:\/\/www.mcshirt.ch\/wp-content\/uploads\/2023\/11\/655495b7bcbf0.gif\",\"width\":350,\"height\":100,\"caption\":\"Mc Shirt\"},\"image\":{\"@id\":\"https:\/\/www.mcshirt.ch\/#\/schema\/logo\/image\/\"}}]}<\/script>\n<!-- \/ Yoast SEO plugin. -->","yoast_head_json":{"title":"Short Sleeve Classic Oxford Shirt| Personnalisable | Mc SHIRT | Livraison rapide","description":"D\u00e9couvrez nos Short Sleeve Classic Oxford Shirt pour hommes, personnalisables selon vos pr\u00e9f\u00e9rences, avec Mc SHIRT. Profitez de notre livraison rapide pour recevoir votre Chemise personnalis\u00e9 dans les plus brefs d\u00e9lais. Exprimez votre style unique avec Mc SHIRT d\u00e8s aujourd'hui !","robots":{"index":"index","follow":"follow","max-snippet":"max-snippet:-1","max-image-preview":"max-image-preview:large","max-video-preview":"max-video-preview:-1"},"canonical":"https:\/\/www.mcshirt.ch\/de\/produkt\/chemise-m-courtes-classique-femme\/","og_locale":"de_DE","og_type":"article","og_title":"Short Sleeve Classic Oxford Shirt| Personnalisable | Mc SHIRT | Livraison rapide","og_description":"D\u00e9couvrez nos Short Sleeve Classic Oxford Shirt pour hommes, personnalisables selon vos pr\u00e9f\u00e9rences, avec Mc SHIRT. Profitez de notre livraison rapide pour recevoir votre Chemise personnalis\u00e9 dans les plus brefs d\u00e9lais. Exprimez votre style unique avec Mc SHIRT d\u00e8s aujourd'hui !","og_url":"https:\/\/www.mcshirt.ch\/de\/produkt\/chemise-m-courtes-classique-femme\/","og_site_name":"Mc Shirt","article_modified_time":"2026-01-12T17:42:52+00:00","og_image":[{"width":420,"height":540,"url":"https:\/\/www.mcshirt.ch\/wp-content\/uploads\/2025\/11\/435041-1.jpg","type":"image\/jpeg"}],"twitter_card":"summary_large_image","twitter_misc":{"Gesch\u00e4tzte Lesezeit":"1\u00a0Minute"},"schema":{"@context":"https:\/\/schema.org","@graph":[{"@type":"WebPage","@id":"https:\/\/www.mcshirt.ch\/produit\/chemise-m-courtes-classique-femme\/","url":"https:\/\/www.mcshirt.ch\/produit\/chemise-m-courtes-classique-femme\/","name":"Short Sleeve Classic Oxford Shirt| Personnalisable | Mc SHIRT | Livraison rapide","isPartOf":{"@id":"https:\/\/www.mcshirt.ch\/#website"},"primaryImageOfPage":{"@id":"https:\/\/www.mcshirt.ch\/produit\/chemise-m-courtes-classique-femme\/#primaryimage"},"image":{"@id":"https:\/\/www.mcshirt.ch\/produit\/chemise-m-courtes-classique-femme\/#primaryimage"},"thumbnailUrl":"https:\/\/www.mcshirt.ch\/wp-content\/uploads\/2025\/11\/435041-1.jpg","datePublished":"2025-11-14T15:57:59+00:00","dateModified":"2026-01-12T17:42:52+00:00","description":"D\u00e9couvrez nos Short Sleeve Classic Oxford Shirt pour hommes, personnalisables selon vos pr\u00e9f\u00e9rences, avec Mc SHIRT. Profitez de notre livraison rapide pour recevoir votre Chemise personnalis\u00e9 dans les plus brefs d\u00e9lais. Exprimez votre style unique avec Mc SHIRT d\u00e8s aujourd'hui !","breadcrumb":{"@id":"https:\/\/www.mcshirt.ch\/produit\/chemise-m-courtes-classique-femme\/#breadcrumb"},"inLanguage":"de-CH","potentialAction":[{"@type":"ReadAction","target":["https:\/\/www.mcshirt.ch\/produit\/chemise-m-courtes-classique-femme\/"]}]},{"@type":"ImageObject","inLanguage":"de-CH","@id":"https:\/\/www.mcshirt.ch\/produit\/chemise-m-courtes-classique-femme\/#primaryimage","url":"https:\/\/www.mcshirt.ch\/wp-content\/uploads\/2025\/11\/435041-1.jpg","contentUrl":"https:\/\/www.mcshirt.ch\/wp-content\/uploads\/2025\/11\/435041-1.jpg","width":420,"height":540},{"@type":"BreadcrumbList","@id":"https:\/\/www.mcshirt.ch\/produit\/chemise-m-courtes-classique-femme\/#breadcrumb","itemListElement":[{"@type":"ListItem","position":1,"name":"Home","item":"https:\/\/www.mcshirt.ch\/"},{"@type":"ListItem","position":2,"name":"Produits","item":"https:\/\/www.mcshirt.ch\/shop\/"},{"@type":"ListItem","position":3,"name":"Chemise m. courtes Classique Femme"}]},{"@type":"WebSite","@id":"https:\/\/www.mcshirt.ch\/#website","url":"https:\/\/www.mcshirt.ch\/","name":"Mc Shirt","description":"LE SP\u00c9CIALISTE DE LA BRODERIE ET DE L&#039;IMPRESSION DEPUIS 1981","publisher":{"@id":"https:\/\/www.mcshirt.ch\/#organization"},"potentialAction":[{"@type":"SearchAction","target":{"@type":"EntryPoint","urlTemplate":"https:\/\/www.mcshirt.ch\/?s={search_term_string}"},"query-input":{"@type":"PropertyValueSpecification","valueRequired":true,"valueName":"search_term_string"}}],"inLanguage":"de-CH"},{"@type":"Organization","@id":"https:\/\/www.mcshirt.ch\/#organization","name":"Mc Shirt","url":"https:\/\/www.mcshirt.ch\/","logo":{"@type":"ImageObject","inLanguage":"de-CH","@id":"https:\/\/www.mcshirt.ch\/#\/schema\/logo\/image\/","url":"https:\/\/www.mcshirt.ch\/wp-content\/uploads\/2023\/11\/655495b7bcbf0.gif","contentUrl":"https:\/\/www.mcshirt.ch\/wp-content\/uploads\/2023\/11\/655495b7bcbf0.gif","width":350,"height":100,"caption":"Mc Shirt"},"image":{"@id":"https:\/\/www.mcshirt.ch\/#\/schema\/logo\/image\/"}}]}},"_links":{"self":[{"href":"https:\/\/www.mcshirt.ch\/de\/wp-json\/wp\/v2\/product\/44093","targetHints":{"allow":["GET"]}}],"collection":[{"href":"https:\/\/www.mcshirt.ch\/de\/wp-json\/wp\/v2\/product"}],"about":[{"href":"https:\/\/www.mcshirt.ch\/de\/wp-json\/wp\/v2\/types\/product"}],"version-history":[{"count":2,"href":"https:\/\/www.mcshirt.ch\/de\/wp-json\/wp\/v2\/product\/44093\/revisions"}],"predecessor-version":[{"id":44156,"href":"https:\/\/www.mcshirt.ch\/de\/wp-json\/wp\/v2\/product\/44093\/revisions\/44156"}],"wp:featuredmedia":[{"embeddable":true,"href":"https:\/\/www.mcshirt.ch\/de\/wp-json\/wp\/v2\/media\/44158"}],"wp:attachment":[{"href":"https:\/\/www.mcshirt.ch\/de\/wp-json\/wp\/v2\/media?parent=44093"}],"wp:term":[{"taxonomy":"product_brand","embeddable":true,"href":"https:\/\/www.mcshirt.ch\/de\/wp-json\/wp\/v2\/product_brand?post=44093"},{"taxonomy":"product_cat","embeddable":true,"href":"https:\/\/www.mcshirt.ch\/de\/wp-json\/wp\/v2\/product_cat?post=44093"},{"taxonomy":"product_tag","embeddable":true,"href":"https:\/\/www.mcshirt.ch\/de\/wp-json\/wp\/v2\/product_tag?post=44093"}],"curies":[{"name":"wp","href":"https:\/\/api.w.org\/{rel}","templated":true}]}}